{"id":1025,"date":"2025-10-08T11:08:45","date_gmt":"2025-10-08T11:08:45","guid":{"rendered":"https:\/\/physicalmindgames.com\/?page_id=1025"},"modified":"2025-10-09T07:23:58","modified_gmt":"2025-10-09T07:23:58","slug":"help-center","status":"publish","type":"page","link":"https:\/\/physicalmindgames.com\/lt\/help-center\/","title":{"rendered":"Help Center"},"content":{"rendered":"<div class=\"wp-block-group alignfull has-custom-color-3-color has-custom-color-4-background-color has-text-color has-background has-link-color wp-elements-2d50b87df52ce893e94dc8bf15bcab5f has-global-padding is-layout-constrained wp-block-group-is-layout-constrained\">\n<h2 class=\"wp-block-heading has-text-align-center has-custom-color-3-color has-text-color has-link-color has-mindgames-font-family wp-elements-99c5a044dd7e49cb82a5db3379b92b3b\" style=\"padding-top:var(--wp--preset--spacing--30)\">Pagalbos centras<\/h2>\n\n\n\n<p class=\"has-text-align-center wp-block-paragraph\" style=\"padding-right:var(--wp--preset--spacing--30);padding-left:var(--wp--preset--spacing--30)\">\u0160iame puslapyje pateiksime trumpus atsakymus \u012f da\u017eniausiai pasitaikan\u010dius klausimus.<\/p>\n\n\n\n<h2 class=\"wp-block-heading has-custom-color-3-color has-text-color has-link-color has-mindgames-font-family wp-elements-58ea6329e783f18d377f986400a82be1\" style=\"padding-right:var(--wp--preset--spacing--30);padding-left:var(--wp--preset--spacing--30);font-size:clamp(26.465px, 1.654rem + ((1vw - 3.2px) * 2.106), 45px);\"><strong>Pirkimo gidas<\/strong><\/h2>\n\n\n\n<p class=\"wp-block-paragraph\" style=\"padding-right:var(--wp--preset--spacing--30);padding-left:var(--wp--preset--spacing--30)\">\u0160iuo metu vyksta <strong><em>i\u0161ankstin\u0117 \u017eaidim\u0173 prekyba.<\/em><\/strong>Prekes i\u0161si\u0173sime gruod\u017eio m\u0117nes\u012f.<\/p>\n\n\n\n<h2 class=\"wp-block-heading has-custom-color-3-color has-text-color has-link-color has-mindgames-font-family wp-elements-64280d68237385a29717dfcf7cdf48ec\" style=\"padding-right:var(--wp--preset--spacing--30);padding-left:var(--wp--preset--spacing--30);font-size:clamp(26.465px, 1.654rem + ((1vw - 3.2px) * 2.106), 45px);\"><strong>U\u017esakymai ir mok\u0117jimai<\/strong><\/h2>\n\n\n\n<p class=\"wp-block-paragraph\" style=\"padding-right:var(--wp--preset--spacing--30);padding-left:var(--wp--preset--spacing--30)\">M\u016bs\u0173 internetin\u0117je parduotuv\u0117je greitai ir saugiai u\u017esakysite prekes. Apmok\u0117jimams naudojame \u012fvairiausius mok\u0117jimo metodus, patogiam atsiskaitymui. Patvirtinus u\u017esakym\u0105, gausite patvirtinim\u0105 pa\u0161tu kartu su visa reikalinga informacija. Jei norite atnaujinti ar at\u0161aukti savo u\u017esakym\u0105, <a href=\"https:\/\/physicalmindgames.com\/lt\/contact-us\/\">susisiekite su mumis<\/a> kuo grei\u010diau, kol nei\u0161siunt\u0117me j\u016bs\u0173 preki\u0173. Preki\u0173 b\u016bsen\u0105 galite sekti bet kada, savo paskyroje.<\/p>\n\n\n\n<h2 class=\"wp-block-heading has-custom-color-3-color has-text-color has-link-color wp-elements-b6b587438c7c50b3de51f2d13b36f79c\" style=\"padding-right:var(--wp--preset--spacing--30);padding-left:var(--wp--preset--spacing--30);font-size:clamp(26.465px, 1.654rem + ((1vw - 3.2px) * 2.106), 45px);\"><strong>Siuntos bei pristatymai<\/strong><\/h2>\n\n\n\n<p class=\"wp-block-paragraph\" style=\"padding-right:var(--wp--preset--spacing--30);padding-left:var(--wp--preset--spacing--30)\">Jei jus domina:<br><br>\u2022 Siuntimo b\u016bdai bei pristatymo greitis<br>\u2022 Tarptautini\u0173 siunt\u0173 informacija<br>\u2022 Siunt\u0173 sekimas<br>\u2022 K\u0105 daryti jei j\u016bs\u0173 siunta v\u0117luoja ar pasimet\u0117<br>\u2022 Muitai, rinkliavos ir mokes\u010diai (jei taikomi)<\/p>\n\n\n\n<p class=\"wp-block-paragraph\" style=\"padding-right:var(--wp--preset--spacing--30);padding-left:var(--wp--preset--spacing--30)\">informacij\u0105 rasite <a href=\"https:\/\/physicalmindgames.com\/lt\/shipping-delivery\/\">siunt\u0173 bei pristatym\u0173<\/a> skiltyje.<\/p>\n\n\n\n<h2 class=\"wp-block-heading has-custom-color-3-color has-text-color has-link-color wp-elements-bc7c78332922d5638ff0ac322d035e21\" style=\"padding-right:var(--wp--preset--spacing--30);padding-left:var(--wp--preset--spacing--30);font-size:clamp(26.465px, 1.654rem + ((1vw - 3.2px) * 2.106), 45px);\"><strong>Preki\u0173 bei pinig\u0173 gra\u017einimas<\/strong><\/h2>\n\n\n\n<p class=\"wp-block-paragraph\" style=\"padding-right:var(--wp--preset--spacing--30);padding-left:var(--wp--preset--spacing--30)\">Jei norite su\u017einoti apie:<br><br>\u2022 Gr\u0105\u017einimo siuntimo i\u0161laidos - kas moka?<br>\u2022 Kaip gr\u0105\u017einti prek\u0119<br>\u2022 Pinig\u0173 gr\u0105\u017einimo politika bei gr\u0105\u017einim\u0173 tvarka<br>\u2022 Kaip pateikti prek\u0117s keitimo u\u017eklaus\u0105<br>\u2022 K\u0105 daryti gavus pa\u017eeist\u0105 arba ne t\u0105 prek\u0119<\/p>\n\n\n\n<p class=\"wp-block-paragraph\" style=\"padding-right:var(--wp--preset--spacing--30);padding-left:var(--wp--preset--spacing--30)\">Vis\u0105 informacij\u0105 galite rasti m\u016bs\u0173 <a href=\"https:\/\/physicalmindgames.com\/lt\/refund_returns\/\">gr\u0105\u017einimo tvarkos<\/a> skiltyje.<\/p>\n\n\n\n<h2 class=\"wp-block-heading has-custom-color-3-color has-text-color has-link-color has-mindgames-font-family wp-elements-ff94822192def1318af04dfb475e4a89\" style=\"padding-right:var(--wp--preset--spacing--30);padding-left:var(--wp--preset--spacing--30);font-size:clamp(26.465px, 1.654rem + ((1vw - 3.2px) * 2.106), 45px);\"><strong>Reikia kitos pagalbos?<\/strong><\/h2>\n\n\n\n<p class=\"has-custom-color-3-color has-text-color has-link-color wp-elements-228ecb1550b404621008c3000efda7bf wp-block-paragraph\" style=\"padding-right:var(--wp--preset--spacing--30);padding-bottom:var(--wp--preset--spacing--30);padding-left:var(--wp--preset--spacing--30)\">Jei turite kit\u0173 klausim\u0173 nedvejodami susisiekite su mumis. Ra\u0161ykite per&nbsp;<a data-type=\"page\" data-id=\"95\" href=\"https:\/\/physicalmindgames.com\/lt\/contact-us\/\" target=\"_blank\" rel=\"noreferrer noopener\">Kontaktai<\/a>&nbsp;form\u0105 arba tiesiogiai pa\u0161tu: <a href=\"mailto:info@physicalmindgames.com\"><strong>info@physicalmindgames.com<\/strong><\/a><\/p>\n<\/div>","protected":false},"excerpt":{"rendered":"<p>HELP CENTER Welcome to our Help Center \u2014 your go-to place for quick answers and support. Shopping Guide Please note, that all the games in our shop are on pre-sale. Shipping will start this December. Orders &amp; Payments You can place your order quickly and securely through our online store. We accept various payment methods [&hellip;]<\/p>\n","protected":false},"author":1,"featured_media":0,"parent":0,"menu_order":0,"comment_status":"closed","ping_status":"closed","template":"","meta":{"_crdt_document":"","footnotes":""},"class_list":["post-1025","page","type-page","status-publish","hentry"],"yoast_head":"<!-- This site is optimized with the Yoast SEO plugin v27.2 - https:\/\/yoast.com\/product\/yoast-seo-wordpress\/ -->\n<title>Help Center - Physical Mind Games<\/title>\n<meta name=\"robots\" content=\"index, follow, max-snippet:-1, max-image-preview:large, max-video-preview:-1\" \/>\n<link rel=\"canonical\" href=\"https:\/\/physicalmindgames.com\/lt\/help-center\/\" \/>\n<meta property=\"og:locale\" content=\"lt_LT\" \/>\n<meta property=\"og:type\" content=\"article\" \/>\n<meta property=\"og:title\" content=\"Help Center - Physical Mind Games\" \/>\n<meta property=\"og:description\" content=\"HELP CENTER Welcome to our Help Center \u2014 your go-to place for quick answers and support. Shopping Guide Please note, that all the games in our shop are on pre-sale. Shipping will start this December. Orders &amp; Payments You can place your order quickly and securely through our online store. We accept various payment methods [&hellip;]\" \/>\n<meta property=\"og:url\" content=\"https:\/\/physicalmindgames.com\/lt\/help-center\/\" \/>\n<meta property=\"og:site_name\" content=\"Physical Mind Games\" \/>\n<meta property=\"article:modified_time\" content=\"2025-10-09T07:23:58+00:00\" \/>\n<meta name=\"twitter:card\" content=\"summary_large_image\" \/>\n<meta name=\"twitter:label1\" content=\"Est. reading time\" \/>\n\t<meta name=\"twitter:data1\" content=\"2 minut\u0117s\" \/>\n<script type=\"application\/ld+json\" class=\"yoast-schema-graph\">{\"@context\":\"https:\/\/schema.org\",\"@graph\":[{\"@type\":\"WebPage\",\"@id\":\"https:\/\/physicalmindgames.com\/help-center\/\",\"url\":\"https:\/\/physicalmindgames.com\/help-center\/\",\"name\":\"Help Center - Physical Mind Games\",\"isPartOf\":{\"@id\":\"https:\/\/physicalmindgames.com\/#website\"},\"datePublished\":\"2025-10-08T11:08:45+00:00\",\"dateModified\":\"2025-10-09T07:23:58+00:00\",\"breadcrumb\":{\"@id\":\"https:\/\/physicalmindgames.com\/help-center\/#breadcrumb\"},\"inLanguage\":\"lt-LT\",\"potentialAction\":[{\"@type\":\"ReadAction\",\"target\":[\"https:\/\/physicalmindgames.com\/help-center\/\"]}]},{\"@type\":\"BreadcrumbList\",\"@id\":\"https:\/\/physicalmindgames.com\/help-center\/#breadcrumb\",\"itemListElement\":[{\"@type\":\"ListItem\",\"position\":1,\"name\":\"Home\",\"item\":\"https:\/\/physicalmindgames.com\/\"},{\"@type\":\"ListItem\",\"position\":2,\"name\":\"Help Center\"}]},{\"@type\":\"WebSite\",\"@id\":\"https:\/\/physicalmindgames.com\/#website\",\"url\":\"https:\/\/physicalmindgames.com\/\",\"name\":\"Physical Mind Games\",\"description\":\"\",\"publisher\":{\"@id\":\"https:\/\/physicalmindgames.com\/#organization\"},\"potentialAction\":[{\"@type\":\"SearchAction\",\"target\":{\"@type\":\"EntryPoint\",\"urlTemplate\":\"https:\/\/physicalmindgames.com\/?s={search_term_string}\"},\"query-input\":{\"@type\":\"PropertyValueSpecification\",\"valueRequired\":true,\"valueName\":\"search_term_string\"}}],\"inLanguage\":\"lt-LT\"},{\"@type\":\"Organization\",\"@id\":\"https:\/\/physicalmindgames.com\/#organization\",\"name\":\"Physical Mind Games\",\"url\":\"https:\/\/physicalmindgames.com\/\",\"logo\":{\"@type\":\"ImageObject\",\"inLanguage\":\"lt-LT\",\"@id\":\"https:\/\/physicalmindgames.com\/#\/schema\/logo\/image\/\",\"url\":\"https:\/\/physicalmindgames.com\/wp-content\/uploads\/2025\/09\/cropped-logo-just.png\",\"contentUrl\":\"https:\/\/physicalmindgames.com\/wp-content\/uploads\/2025\/09\/cropped-logo-just.png\",\"width\":512,\"height\":512,\"caption\":\"Physical Mind Games\"},\"image\":{\"@id\":\"https:\/\/physicalmindgames.com\/#\/schema\/logo\/image\/\"}}]}<\/script>\n<!-- \/ Yoast SEO plugin. -->","yoast_head_json":{"title":"Help Center - Physical Mind Games","robots":{"index":"index","follow":"follow","max-snippet":"max-snippet:-1","max-image-preview":"max-image-preview:large","max-video-preview":"max-video-preview:-1"},"canonical":"https:\/\/physicalmindgames.com\/lt\/help-center\/","og_locale":"lt_LT","og_type":"article","og_title":"Help Center - Physical Mind Games","og_description":"HELP CENTER Welcome to our Help Center \u2014 your go-to place for quick answers and support. Shopping Guide Please note, that all the games in our shop are on pre-sale. Shipping will start this December. Orders &amp; Payments You can place your order quickly and securely through our online store. We accept various payment methods [&hellip;]","og_url":"https:\/\/physicalmindgames.com\/lt\/help-center\/","og_site_name":"Physical Mind Games","article_modified_time":"2025-10-09T07:23:58+00:00","twitter_card":"summary_large_image","twitter_misc":{"Est. reading time":"2 minut\u0117s"},"schema":{"@context":"https:\/\/schema.org","@graph":[{"@type":"WebPage","@id":"https:\/\/physicalmindgames.com\/help-center\/","url":"https:\/\/physicalmindgames.com\/help-center\/","name":"Help Center - Physical Mind Games","isPartOf":{"@id":"https:\/\/physicalmindgames.com\/#website"},"datePublished":"2025-10-08T11:08:45+00:00","dateModified":"2025-10-09T07:23:58+00:00","breadcrumb":{"@id":"https:\/\/physicalmindgames.com\/help-center\/#breadcrumb"},"inLanguage":"lt-LT","potentialAction":[{"@type":"ReadAction","target":["https:\/\/physicalmindgames.com\/help-center\/"]}]},{"@type":"BreadcrumbList","@id":"https:\/\/physicalmindgames.com\/help-center\/#breadcrumb","itemListElement":[{"@type":"ListItem","position":1,"name":"Home","item":"https:\/\/physicalmindgames.com\/"},{"@type":"ListItem","position":2,"name":"Help Center"}]},{"@type":"WebSite","@id":"https:\/\/physicalmindgames.com\/#website","url":"https:\/\/physicalmindgames.com\/","name":"Physical Mind Games","description":"","publisher":{"@id":"https:\/\/physicalmindgames.com\/#organization"},"potentialAction":[{"@type":"SearchAction","target":{"@type":"EntryPoint","urlTemplate":"https:\/\/physicalmindgames.com\/?s={search_term_string}"},"query-input":{"@type":"PropertyValueSpecification","valueRequired":true,"valueName":"search_term_string"}}],"inLanguage":"lt-LT"},{"@type":"Organization","@id":"https:\/\/physicalmindgames.com\/#organization","name":"Physical Mind Games","url":"https:\/\/physicalmindgames.com\/","logo":{"@type":"ImageObject","inLanguage":"lt-LT","@id":"https:\/\/physicalmindgames.com\/#\/schema\/logo\/image\/","url":"https:\/\/physicalmindgames.com\/wp-content\/uploads\/2025\/09\/cropped-logo-just.png","contentUrl":"https:\/\/physicalmindgames.com\/wp-content\/uploads\/2025\/09\/cropped-logo-just.png","width":512,"height":512,"caption":"Physical Mind Games"},"image":{"@id":"https:\/\/physicalmindgames.com\/#\/schema\/logo\/image\/"}}]}},"_hostinger_reach_plugin_has_subscription_block":false,"_hostinger_reach_plugin_is_elementor":false,"_links":{"self":[{"href":"https:\/\/physicalmindgames.com\/lt\/wp-json\/wp\/v2\/pages\/1025","targetHints":{"allow":["GET"]}}],"collection":[{"href":"https:\/\/physicalmindgames.com\/lt\/wp-json\/wp\/v2\/pages"}],"about":[{"href":"https:\/\/physicalmindgames.com\/lt\/wp-json\/wp\/v2\/types\/page"}],"author":[{"embeddable":true,"href":"https:\/\/physicalmindgames.com\/lt\/wp-json\/wp\/v2\/users\/1"}],"replies":[{"embeddable":true,"href":"https:\/\/physicalmindgames.com\/lt\/wp-json\/wp\/v2\/comments?post=1025"}],"version-history":[{"count":10,"href":"https:\/\/physicalmindgames.com\/lt\/wp-json\/wp\/v2\/pages\/1025\/revisions"}],"predecessor-version":[{"id":1153,"href":"https:\/\/physicalmindgames.com\/lt\/wp-json\/wp\/v2\/pages\/1025\/revisions\/1153"}],"wp:attachment":[{"href":"https:\/\/physicalmindgames.com\/lt\/wp-json\/wp\/v2\/media?parent=1025"}],"curies":[{"name":"wp","href":"https:\/\/api.w.org\/{rel}","templated":true}]}}