{"id":25,"date":"2025-09-11T14:21:26","date_gmt":"2025-09-11T14:21:26","guid":{"rendered":"https:\/\/physicalmindgames.com\/?page_id=25"},"modified":"2025-10-17T18:23:18","modified_gmt":"2025-10-17T18:23:18","slug":"refund_returns","status":"publish","type":"page","link":"https:\/\/physicalmindgames.com\/lt\/refund_returns\/","title":{"rendered":"Refund and Returns Policy"},"content":{"rendered":"<div class=\"wp-block-group alignfull has-custom-color-3-background-color has-background has-global-padding is-layout-constrained wp-block-group-is-layout-constrained\">\n<h2 class=\"wp-block-heading has-text-align-center has-mindgames-font-family\">Preki\u0173 bei pinig\u0173 gr\u0105\u017einimas<\/h2>\n\n\n\n<p class=\"wp-block-paragraph\" style=\"padding-right:var(--wp--preset--spacing--30);padding-left:var(--wp--preset--spacing--30)\">Pagal ES teis\u0117ss aktus, pinig\u0173 bei preki\u0173 gr\u0105\u017einimo pra\u0161ymai turi b\u016bti pateikti per 14 dien\u0173 nuo u\u017esakymo pristatymo.<\/p>\n\n\n\n<p class=\"wp-block-paragraph\" style=\"padding-right:var(--wp--preset--spacing--30);padding-left:var(--wp--preset--spacing--30)\">Gr\u0105\u017eintina prek\u0117 turi b\u016bti nenaudota ir tokios pa\u010dios b\u016bkl\u0117s, kokios j\u0105 gavote. Ji taip pat turi b\u016bti originalioje pakuot\u0117je. Gali b\u016bti taikomos \u017eemiau nurodytos i\u0161imtys.<\/p>\n\n\n\n<p class=\"wp-block-paragraph\" style=\"padding-right:var(--wp--preset--spacing--30);padding-left:var(--wp--preset--spacing--30)\">Gr\u0105\u017einimas galimas jei:<\/p>\n\n\n\n<p class=\"has-custom-color-1-color has-text-color has-link-color wp-elements-fd4524262be9d4db9880a68a4a812b1c wp-block-paragraph\" style=\"padding-right:var(--wp--preset--spacing--30);padding-left:var(--wp--preset--spacing--30)\">\u2022 <strong>Yra gamyklinis defektas<\/strong>&nbsp;Visas prekes su gamykliniais defektais galima nemokamai gr\u0105\u017einti ir atgauti pinigus.<br>\u2022 <strong>Ne visi komponentai:<\/strong>&nbsp;Jei gavote ne piln\u0105 u\u017esakym\u0105, susisiekite su mumis<strong>&nbsp;<a href=\"https:\/\/physicalmindgames.com\/lt\/contact-us\/\" data-type=\"page\" data-id=\"95\">Kontaktai<\/a>&nbsp;<\/strong>skiltyje.<br>\u2022 <strong>Sugadinta prek\u0117:<\/strong>&nbsp;Jei gavote pa\u017eeistas prekes, vadovaukit\u0117s toliau pateiktomis instrukcijomis.<br>\u2022 <strong>Persigalvojote:<\/strong>&nbsp;Jei norite gr\u0105\u017einti prekes, nes persigalvojote, susisiekite su mumis per 14 dien\u0173, papildom\u0105 informacij\u0105 rasite \u017eemiau.<\/p>\n\n\n\n<p class=\"wp-block-paragraph\" style=\"padding-right:var(--wp--preset--spacing--30);padding-left:var(--wp--preset--spacing--30)\">Nor\u0117dami \u012fvykdyti gr\u0105\u017einim\u0105, tur\u0117site pateikti kvit\u0105 ar kit\u0105 pirkim\u0105 \u012frodant\u012f fakt\u0105.<\/p>\n\n\n\n<h2 class=\"wp-block-heading has-mindgames-font-family\" style=\"padding-right:var(--wp--preset--spacing--30);padding-left:var(--wp--preset--spacing--30);font-size:clamp(26.465px, 1.654rem + ((1vw - 3.2px) * 2.106), 45px);\">Sugadint\u0173 preki\u0173 gr\u0105\u017einimas<\/h2>\n\n\n\n<p class=\"has-custom-color-1-color has-text-color has-link-color wp-elements-f1579b916152fc9a0d8968ec812a3a0f wp-block-paragraph\" style=\"padding-right:var(--wp--preset--spacing--30);padding-left:var(--wp--preset--spacing--30)\">Jei gavote sugadint\u0105 prek\u0119, padarykite \u0161iuos \u017eingsnius:<br>\u2022 Susisiekite su mumis per&nbsp;<a href=\"https:\/\/physicalmindgames.com\/lt\/contact-us\/\" data-type=\"page\" data-id=\"95\" target=\"_blank\" rel=\"noreferrer noopener\">Kontaktai<\/a>&nbsp;skilt\u012f arba <a href=\"mailto:info@physicalmingames.com\">info@physicalmingames.com<\/a><br>\u2022 Ai\u0161kiai apra\u0161ykite galim\u0105 \u017ealos kilm\u0119 bei prid\u0117kite \u017eal\u0105 \u012frodan\u010dias nuotraukas.<\/p>\n\n\n\n<p class=\"wp-block-paragraph\" style=\"padding-right:var(--wp--preset--spacing--30);padding-left:var(--wp--preset--spacing--30)\">M\u016bs\u0173 komanda \u012fvertins atvej\u012f ir nurodys, k\u0105 daryti toliau; kaip \u012fvykdyti gr\u0105\u017einim\u0105 ar pakeisti sugadint\u0105 prek\u0119 nauja.<\/p>\n\n\n\n<h2 class=\"wp-block-heading has-mindgames-font-family\" style=\"padding-right:var(--wp--preset--spacing--30);padding-left:var(--wp--preset--spacing--30);font-size:clamp(26.465px, 1.654rem + ((1vw - 3.2px) * 2.106), 45px);\">Jei persigalvojote<\/h2>\n\n\n\n<p class=\"wp-block-paragraph\" style=\"padding-right:var(--wp--preset--spacing--30);padding-left:var(--wp--preset--spacing--30)\">Jei nuspr\u0119site gr\u0105\u017einti prekes, atkreipkite d\u0117mes\u012f, kad tai galite padaryti per 14 dien\u0173 nuo prek\u0117s pristatymo, taip pat \u017einokite, kad <em><strong>gr\u0105\u017einimo i\u0161laidas apmok\u0117site j\u016bs.<\/strong><\/em> Siuntimo i\u0161laidos yra negr\u0105\u017einamos. Kai gausite i\u0161mok\u0105 u\u017e prek\u0119, siuntimo i\u0161laidos bus i\u0161skai\u010diuotos i\u0161 gr\u0105\u017einamos sumos.<\/p>\n\n\n\n<p class=\"wp-block-paragraph\" style=\"padding-right:var(--wp--preset--spacing--30);padding-left:var(--wp--preset--spacing--30)\">Gr\u0105\u017eintina prek\u0117 turi b\u016bti nenaudota ir tokios pa\u010dios b\u016bkl\u0117s, kokios j\u0105 gavote. Ji taip pat turi b\u016bti originalioje (neprapl\u0117\u0161toje) pakuot\u0117je.<\/p>\n\n\n\n<p class=\"has-custom-color-1-color has-text-color has-link-color wp-elements-6d24de706a8f01a4b7dc1501ca23d852 wp-block-paragraph\" style=\"padding-right:var(--wp--preset--spacing--30);padding-left:var(--wp--preset--spacing--30)\">Nor\u0117dami inicijuoti gr\u0105\u017einim\u0105 d\u0117l persigalvojimo, atlikite \u0161iuos veiksmus:<br>\u2022 Susisiekite su mumis per&nbsp;<a href=\"https:\/\/physicalmindgames.com\/lt\/contact-us\/\" data-type=\"page\" data-id=\"95\" target=\"_blank\" rel=\"noreferrer noopener\">Kontaktai<\/a>&nbsp;skilt\u012f arba <a href=\"mailto:info@physicalmingames.com\">info@physicalmingames.com<\/a><br>\u2022 Nurodykite gr\u0105\u017einimo prie\u017east\u012f.<br>\u2022 M\u016bs\u0173 komanda pad\u0117s jums \u012fvykdyti gr\u0105\u017einim\u0105.<\/p>\n\n\n\n<h2 class=\"wp-block-heading has-mindgames-font-family\" style=\"padding-right:var(--wp--preset--spacing--30);padding-left:var(--wp--preset--spacing--30);font-size:clamp(26.465px, 1.654rem + ((1vw - 3.2px) * 2.106), 45px);\">Pinig\u0173 gr\u0105\u017einimas<\/h2>\n\n\n\n<p class=\"wp-block-paragraph\" style=\"padding-right:var(--wp--preset--spacing--30);padding-left:var(--wp--preset--spacing--30)\">Kai j\u016bs\u0173 gr\u0105\u017einam\u0105 prek\u0119 gausime ir patikrinsime, i\u0161si\u0173sime jums el. lai\u0161k\u0105, kuriuo prane\u0161ime, kad gavome prek\u0119. Taip pat informuosime jus apie gr\u0105\u017einimo patvirtinim\u0105 arba atmetim\u0105.<\/p>\n\n\n\n<p class=\"wp-block-paragraph\" style=\"padding-right:var(--wp--preset--spacing--30);padding-left:var(--wp--preset--spacing--30)\">Jei j\u016bs\u0173 parai\u0161ka bus patvirtinta, j\u016bs\u0173 pinig\u0173 gr\u0105\u017einimas bus apdorotas, o kreditas bus automati\u0161kai pritaikytas j\u016bs\u0173 kredito kortelei arba pradiniam mok\u0117jimo b\u016bdui per tam tikr\u0105 dien\u0173 skai\u010di\u0173.<\/p>\n\n\n\n<h3 class=\"wp-block-heading has-mindgames-font-family\" style=\"padding-right:var(--wp--preset--spacing--30);padding-left:var(--wp--preset--spacing--30);font-size:clamp(26.465px, 1.654rem + ((1vw - 3.2px) * 2.106), 45px);\">V\u0117luojantys arba ding\u0119 gr\u0105\u017einimai<\/h3>\n\n\n\n<p class=\"has-custom-color-1-color has-text-color has-link-color wp-elements-750b9894715f696feabc27dbcb2bedea wp-block-paragraph\" style=\"padding-right:var(--wp--preset--spacing--30);padding-left:var(--wp--preset--spacing--30)\">Jei dar negavote i\u0161mokos, <em>dar kart\u0105<\/em> patikrinkite savo banko s\u0105skait\u0105.<br><br>Tada - susisiekite su savo banku. Kartais perlaid\u0173 vykdymas u\u017etrunka laiko.<br><br>Jei atlikote visus \u0161iuos veiksmus ir vis dar negavote i\u0161mokos, susisiekite su mumis adresu: <a href=\"\/lt\/info@physicalmindgames.com\/\">info@physicalmindgames.com<\/a><\/p>\n\n\n\n<h2 class=\"wp-block-heading has-mindgames-font-family\" style=\"padding-right:var(--wp--preset--spacing--30);padding-left:var(--wp--preset--spacing--30)\">Reikia kitos pagalbos?<\/h2>\n\n\n\n<p class=\"has-custom-color-1-color has-text-color has-link-color wp-elements-6fa3fe6274bf0513b6fe005503cbcdd9 wp-block-paragraph\" style=\"padding-right:var(--wp--preset--spacing--30);padding-bottom:var(--wp--preset--spacing--30);padding-left:var(--wp--preset--spacing--30)\">Jei turite kit\u0173 klausim\u0173 nedvejodami susisiekite su mumis. Ra\u0161ykite per&nbsp;<a data-type=\"page\" data-id=\"95\" href=\"https:\/\/physicalmindgames.com\/lt\/contact-us\/\" target=\"_blank\" rel=\"noreferrer noopener\">Kontaktai<\/a>&nbsp;form\u0105 arba tiesiogiai pa\u0161tu: <a href=\"mailto:info@physicalmindgames.com\"><strong>info@physicalmindgames.com<\/strong><\/a><\/p>\n<\/div>","protected":false},"excerpt":{"rendered":"<p>REFUND AND RETURNS Refund and return requests must be submitted within 14 days after the delivery of your order to comply with EU laws. To be eligible for a return, your item must be unused and in the same condition that you received it. It should also be in its original packaging, unless it meets [&hellip;]<\/p>\n","protected":false},"author":1,"featured_media":0,"parent":0,"menu_order":0,"comment_status":"closed","ping_status":"closed","template":"","meta":{"_crdt_document":"","footnotes":""},"class_list":["post-25","page","type-page","status-publish","hentry"],"yoast_head":"<!-- This site is optimized with the Yoast SEO plugin v27.2 - https:\/\/yoast.com\/product\/yoast-seo-wordpress\/ -->\n<title>Refund and Returns Policy - Physical Mind Games<\/title>\n<meta name=\"robots\" content=\"index, follow, max-snippet:-1, max-image-preview:large, max-video-preview:-1\" \/>\n<link rel=\"canonical\" href=\"https:\/\/physicalmindgames.com\/lt\/refund_returns\/\" \/>\n<meta property=\"og:locale\" content=\"lt_LT\" \/>\n<meta property=\"og:type\" content=\"article\" \/>\n<meta property=\"og:title\" content=\"Refund and Returns Policy - Physical Mind Games\" \/>\n<meta property=\"og:description\" content=\"REFUND AND RETURNS Refund and return requests must be submitted within 14 days after the delivery of your order to comply with EU laws. To be eligible for a return, your item must be unused and in the same condition that you received it. It should also be in its original packaging, unless it meets [&hellip;]\" \/>\n<meta property=\"og:url\" content=\"https:\/\/physicalmindgames.com\/lt\/refund_returns\/\" \/>\n<meta property=\"og:site_name\" content=\"Physical Mind Games\" \/>\n<meta property=\"article:modified_time\" content=\"2025-10-17T18:23:18+00:00\" \/>\n<meta name=\"twitter:card\" content=\"summary_large_image\" \/>\n<meta name=\"twitter:label1\" content=\"Est. reading time\" \/>\n\t<meta name=\"twitter:data1\" content=\"3 minut\u0117s\" \/>\n<script type=\"application\/ld+json\" class=\"yoast-schema-graph\">{\"@context\":\"https:\/\/schema.org\",\"@graph\":[{\"@type\":\"WebPage\",\"@id\":\"https:\/\/physicalmindgames.com\/refund_returns\/\",\"url\":\"https:\/\/physicalmindgames.com\/refund_returns\/\",\"name\":\"Refund and Returns Policy - Physical Mind Games\",\"isPartOf\":{\"@id\":\"https:\/\/physicalmindgames.com\/#website\"},\"datePublished\":\"2025-09-11T14:21:26+00:00\",\"dateModified\":\"2025-10-17T18:23:18+00:00\",\"breadcrumb\":{\"@id\":\"https:\/\/physicalmindgames.com\/refund_returns\/#breadcrumb\"},\"inLanguage\":\"lt-LT\",\"potentialAction\":[{\"@type\":\"ReadAction\",\"target\":[\"https:\/\/physicalmindgames.com\/refund_returns\/\"]}]},{\"@type\":\"BreadcrumbList\",\"@id\":\"https:\/\/physicalmindgames.com\/refund_returns\/#breadcrumb\",\"itemListElement\":[{\"@type\":\"ListItem\",\"position\":1,\"name\":\"Home\",\"item\":\"https:\/\/physicalmindgames.com\/\"},{\"@type\":\"ListItem\",\"position\":2,\"name\":\"Refund and Returns Policy\"}]},{\"@type\":\"WebSite\",\"@id\":\"https:\/\/physicalmindgames.com\/#website\",\"url\":\"https:\/\/physicalmindgames.com\/\",\"name\":\"Physical Mind Games\",\"description\":\"\",\"publisher\":{\"@id\":\"https:\/\/physicalmindgames.com\/#organization\"},\"potentialAction\":[{\"@type\":\"SearchAction\",\"target\":{\"@type\":\"EntryPoint\",\"urlTemplate\":\"https:\/\/physicalmindgames.com\/?s={search_term_string}\"},\"query-input\":{\"@type\":\"PropertyValueSpecification\",\"valueRequired\":true,\"valueName\":\"search_term_string\"}}],\"inLanguage\":\"lt-LT\"},{\"@type\":\"Organization\",\"@id\":\"https:\/\/physicalmindgames.com\/#organization\",\"name\":\"Physical Mind Games\",\"url\":\"https:\/\/physicalmindgames.com\/\",\"logo\":{\"@type\":\"ImageObject\",\"inLanguage\":\"lt-LT\",\"@id\":\"https:\/\/physicalmindgames.com\/#\/schema\/logo\/image\/\",\"url\":\"https:\/\/physicalmindgames.com\/wp-content\/uploads\/2025\/09\/cropped-logo-just.png\",\"contentUrl\":\"https:\/\/physicalmindgames.com\/wp-content\/uploads\/2025\/09\/cropped-logo-just.png\",\"width\":512,\"height\":512,\"caption\":\"Physical Mind Games\"},\"image\":{\"@id\":\"https:\/\/physicalmindgames.com\/#\/schema\/logo\/image\/\"}}]}<\/script>\n<!-- \/ Yoast SEO plugin. -->","yoast_head_json":{"title":"Refund and Returns Policy - Physical Mind Games","robots":{"index":"index","follow":"follow","max-snippet":"max-snippet:-1","max-image-preview":"max-image-preview:large","max-video-preview":"max-video-preview:-1"},"canonical":"https:\/\/physicalmindgames.com\/lt\/refund_returns\/","og_locale":"lt_LT","og_type":"article","og_title":"Refund and Returns Policy - Physical Mind Games","og_description":"REFUND AND RETURNS Refund and return requests must be submitted within 14 days after the delivery of your order to comply with EU laws. To be eligible for a return, your item must be unused and in the same condition that you received it. It should also be in its original packaging, unless it meets [&hellip;]","og_url":"https:\/\/physicalmindgames.com\/lt\/refund_returns\/","og_site_name":"Physical Mind Games","article_modified_time":"2025-10-17T18:23:18+00:00","twitter_card":"summary_large_image","twitter_misc":{"Est. reading time":"3 minut\u0117s"},"schema":{"@context":"https:\/\/schema.org","@graph":[{"@type":"WebPage","@id":"https:\/\/physicalmindgames.com\/refund_returns\/","url":"https:\/\/physicalmindgames.com\/refund_returns\/","name":"Refund and Returns Policy - Physical Mind Games","isPartOf":{"@id":"https:\/\/physicalmindgames.com\/#website"},"datePublished":"2025-09-11T14:21:26+00:00","dateModified":"2025-10-17T18:23:18+00:00","breadcrumb":{"@id":"https:\/\/physicalmindgames.com\/refund_returns\/#breadcrumb"},"inLanguage":"lt-LT","potentialAction":[{"@type":"ReadAction","target":["https:\/\/physicalmindgames.com\/refund_returns\/"]}]},{"@type":"BreadcrumbList","@id":"https:\/\/physicalmindgames.com\/refund_returns\/#breadcrumb","itemListElement":[{"@type":"ListItem","position":1,"name":"Home","item":"https:\/\/physicalmindgames.com\/"},{"@type":"ListItem","position":2,"name":"Refund and Returns Policy"}]},{"@type":"WebSite","@id":"https:\/\/physicalmindgames.com\/#website","url":"https:\/\/physicalmindgames.com\/","name":"Physical Mind Games","description":"","publisher":{"@id":"https:\/\/physicalmindgames.com\/#organization"},"potentialAction":[{"@type":"SearchAction","target":{"@type":"EntryPoint","urlTemplate":"https:\/\/physicalmindgames.com\/?s={search_term_string}"},"query-input":{"@type":"PropertyValueSpecification","valueRequired":true,"valueName":"search_term_string"}}],"inLanguage":"lt-LT"},{"@type":"Organization","@id":"https:\/\/physicalmindgames.com\/#organization","name":"Physical Mind Games","url":"https:\/\/physicalmindgames.com\/","logo":{"@type":"ImageObject","inLanguage":"lt-LT","@id":"https:\/\/physicalmindgames.com\/#\/schema\/logo\/image\/","url":"https:\/\/physicalmindgames.com\/wp-content\/uploads\/2025\/09\/cropped-logo-just.png","contentUrl":"https:\/\/physicalmindgames.com\/wp-content\/uploads\/2025\/09\/cropped-logo-just.png","width":512,"height":512,"caption":"Physical Mind Games"},"image":{"@id":"https:\/\/physicalmindgames.com\/#\/schema\/logo\/image\/"}}]}},"_hostinger_reach_plugin_has_subscription_block":false,"_hostinger_reach_plugin_is_elementor":false,"_links":{"self":[{"href":"https:\/\/physicalmindgames.com\/lt\/wp-json\/wp\/v2\/pages\/25","targetHints":{"allow":["GET"]}}],"collection":[{"href":"https:\/\/physicalmindgames.com\/lt\/wp-json\/wp\/v2\/pages"}],"about":[{"href":"https:\/\/physicalmindgames.com\/lt\/wp-json\/wp\/v2\/types\/page"}],"author":[{"embeddable":true,"href":"https:\/\/physicalmindgames.com\/lt\/wp-json\/wp\/v2\/users\/1"}],"replies":[{"embeddable":true,"href":"https:\/\/physicalmindgames.com\/lt\/wp-json\/wp\/v2\/comments?post=25"}],"version-history":[{"count":11,"href":"https:\/\/physicalmindgames.com\/lt\/wp-json\/wp\/v2\/pages\/25\/revisions"}],"predecessor-version":[{"id":1154,"href":"https:\/\/physicalmindgames.com\/lt\/wp-json\/wp\/v2\/pages\/25\/revisions\/1154"}],"wp:attachment":[{"href":"https:\/\/physicalmindgames.com\/lt\/wp-json\/wp\/v2\/media?parent=25"}],"curies":[{"name":"wp","href":"https:\/\/api.w.org\/{rel}","templated":true}]}}