{"id":3,"date":"2025-09-01T11:41:41","date_gmt":"2025-09-01T11:41:41","guid":{"rendered":"http:\/\/physicalmindgames.com\/?page_id=3"},"modified":"2025-10-09T07:25:33","modified_gmt":"2025-10-09T07:25:33","slug":"shipping-delivery","status":"publish","type":"page","link":"https:\/\/physicalmindgames.com\/lt\/shipping-delivery\/","title":{"rendered":"Shipping and Delivery"},"content":{"rendered":"<div class=\"wp-block-group alignfull has-custom-color-2-color has-custom-color-5-background-color has-text-color has-background has-link-color wp-elements-06791c908384ce0c94c3ec8928f97c5c has-global-padding is-layout-constrained wp-block-group-is-layout-constrained\">\n<h2 class=\"wp-block-heading has-text-align-center has-custom-color-2-color has-text-color has-link-color has-mindgames-font-family wp-elements-c5491f4e8f450df42a150817b63bbf74\" style=\"padding-top:var(--wp--preset--spacing--30)\">Siuntos bei pristatymai<\/h2>\n\n\n\n<p class=\"wp-block-paragraph\" style=\"padding-right:var(--wp--preset--spacing--30);padding-left:var(--wp--preset--spacing--30)\">Suprantame, kaip svarbu gauti j\u016bs\u0173 u\u017esakym\u0105 kuo grei\u010diau. Nor\u0117dami, kad j\u016bs\u0173 siunta b\u016bt\u0173 pristatyta nepriekai\u0161tingai, \u012fsipareigojome dirbti su patikrintais partneriais.<\/p>\n\n\n\n<h2 class=\"wp-block-heading has-text-align-left has-custom-color-2-color has-text-color has-link-color has-mindgames-font-family wp-elements-edae9eac8ba0dfceddfacc9120056783\" style=\"margin-right:0;margin-left:0;padding-right:var(--wp--preset--spacing--30);padding-left:var(--wp--preset--spacing--30);font-size:clamp(26.465px, 1.654rem + ((1vw - 3.2px) * 2.106), 45px);\">Siunt\u0173 ve\u017e\u0117jai<\/h2>\n\n\n\n<p class=\"wp-block-paragraph\" style=\"padding-right:var(--wp--preset--spacing--30);padding-left:var(--wp--preset--spacing--30)\">Bendradarbiaujame su patikimais logistikos tiek\u0117jais Lietuvos pa\u0161tu, LP Express ir Omniva. \u0160ie tiek\u0117jai leid\u017eia mums pasi\u016blyti patikimas ir greitas siuntimo paslaugas.<\/p>\n\n\n\n<h2 class=\"wp-block-heading has-custom-color-2-color has-text-color has-link-color has-mindgames-font-family wp-elements-5b7c668f52281b74cbccadcc8a1ca44a\" style=\"padding-right:var(--wp--preset--spacing--30);padding-left:var(--wp--preset--spacing--30);font-size:clamp(26.465px, 1.654rem + ((1vw - 3.2px) * 2.106), 45px);\">Pristatymo i\u0161laidos<\/h2>\n\n\n\n<p class=\"wp-block-paragraph\" style=\"padding-right:var(--wp--preset--spacing--30);padding-left:var(--wp--preset--spacing--30)\">Pristatymo i\u0161laidos skiriasi priklausomai nuo u\u017esakovo gyvenamosios vietos. Bendra u\u017esakymo pristatymo kaina bus apskai\u010diuota atsiskaitymo metu pagal j\u016bs\u0173 pateikt\u0105 pristatymo adres\u0105. <em>Prisiminkite<\/em> , kad siuntimo i\u0161laidos nurodytos be prek\u0117s kainos ir vis\u0173 taikom\u0173 mokes\u010di\u0173 ar muit\u0173.<\/p>\n\n\n\n<p class=\"wp-block-paragraph\" style=\"padding-right:var(--wp--preset--spacing--30);padding-left:var(--wp--preset--spacing--30)\">\u017demiau rasite <em>orientacines <\/em>siuntimo kainas.<\/p>\n\n\n\n<div class=\"wp-block-group is-layout-grid wp-container-core-group-is-layout-ac240f16 wp-block-group-is-layout-grid\" style=\"padding-right:0;padding-left:0\">\n<div class=\"wp-block-columns are-vertically-aligned-center is-not-stacked-on-mobile is-layout-flex wp-container-core-columns-is-layout-f56f613f wp-block-columns-is-layout-flex\">\n<div class=\"wp-block-column is-vertically-aligned-center is-layout-flow wp-block-column-is-layout-flow\" style=\"flex-basis:100%\">\n<p class=\"has-text-align-center wp-container-content-5dc44c30 wp-block-paragraph\"><strong>EUROPA<\/strong><\/p>\n<\/div>\n<\/div>\n\n\n\n<div class=\"wp-block-group wp-container-content-574e1f9d is-vertical is-content-justification-center is-layout-flex wp-container-core-group-is-layout-841e23de wp-block-group-is-layout-flex\">\n<p class=\"wp-block-paragraph\">Lietuva<\/p>\n\n\n\n<p class=\"has-text-align-center wp-block-paragraph\">EU \/ Ne Europos s\u0105jungos \u0161alys<\/p>\n\n\n\n<p class=\"wp-block-paragraph\">JK<\/p>\n<\/div>\n\n\n\n<div class=\"wp-block-group wp-container-content-574e1f9d is-vertical is-content-justification-center is-layout-flex wp-container-core-group-is-layout-841e23de wp-block-group-is-layout-flex\">\n<p class=\"wp-block-paragraph\">3 eur<\/p>\n\n\n\n<p class=\"wp-block-paragraph\">6.5 eur<\/p>\n\n\n\n<p class=\"wp-block-paragraph\">6 eur<\/p>\n<\/div>\n<\/div>\n\n\n\n<div class=\"wp-block-group is-layout-grid wp-container-core-group-is-layout-ac240f16 wp-block-group-is-layout-grid\" style=\"padding-right:0;padding-left:0\">\n<div class=\"wp-block-columns are-vertically-aligned-center is-layout-flex wp-container-core-columns-is-layout-f56f613f wp-block-columns-is-layout-flex\">\n<div class=\"wp-block-column is-vertically-aligned-center is-layout-flow wp-block-column-is-layout-flow\" style=\"flex-basis:100%\">\n<p class=\"has-text-align-center wp-container-content-5dc44c30 wp-block-paragraph\"><strong>AMERIKA<\/strong><\/p>\n\n\n\n<p class=\"has-text-align-center wp-container-content-5dc44c30 wp-block-paragraph\" style=\"font-size:12px\">Kaina pakilo d\u0117l vis dar nei\u0161spr\u0119stos <br>de minimis taisykl\u0117s<\/p>\n<\/div>\n<\/div>\n\n\n\n<div class=\"wp-block-group wp-container-content-574e1f9d is-vertical is-content-justification-center is-layout-flex wp-container-core-group-is-layout-841e23de wp-block-group-is-layout-flex\">\n<p class=\"wp-block-paragraph\">\u0160iaur\u0117s<\/p>\n\n\n\n<p class=\"wp-block-paragraph\">Piet\u0173<\/p>\n<\/div>\n\n\n\n<div class=\"wp-block-group wp-container-content-574e1f9d is-vertical is-content-justification-center is-layout-flex wp-container-core-group-is-layout-841e23de wp-block-group-is-layout-flex\">\n<p class=\"wp-block-paragraph\">30 eur<\/p>\n\n\n\n<p class=\"wp-block-paragraph\">11 eur<\/p>\n<\/div>\n<\/div>\n\n\n\n<div class=\"wp-block-group is-layout-grid wp-container-core-group-is-layout-ac240f16 wp-block-group-is-layout-grid\" style=\"padding-right:0;padding-left:0\">\n<div class=\"wp-block-columns are-vertically-aligned-center is-layout-flex wp-container-core-columns-is-layout-f56f613f wp-block-columns-is-layout-flex\">\n<div class=\"wp-block-column is-vertically-aligned-center is-layout-flow wp-block-column-is-layout-flow\" style=\"flex-basis:100%\">\n<p class=\"has-text-align-center wp-container-content-5dc44c30 wp-block-paragraph\"><strong>AZIJA<\/strong><\/p>\n\n\n\n<p class=\"has-text-align-center wp-container-content-5dc44c30 wp-block-paragraph\" style=\"font-size:clamp(14px, 0.875rem + ((1vw - 3.2px) * 0.455), 18px);\"><strong>AFRIKA<\/strong><\/p>\n\n\n\n<p class=\"has-text-align-center wp-container-content-5dc44c30 wp-block-paragraph\" style=\"font-size:clamp(14px, 0.875rem + ((1vw - 3.2px) * 0.455), 18px);\"><strong>ARTIMIEJI RYTAI<\/strong><\/p>\n\n\n\n<p class=\"has-text-align-center wp-container-content-5dc44c30 wp-block-paragraph\" style=\"font-size:clamp(14px, 0.875rem + ((1vw - 3.2px) * 0.455), 18px);\"><strong>AFRIKA<\/strong><\/p>\n\n\n\n<p class=\"has-text-align-center wp-container-content-5dc44c30 wp-block-paragraph\" style=\"font-size:clamp(14px, 0.875rem + ((1vw - 3.2px) * 0.455), 18px);\"><strong>KITOS PASAULIO VIETOS<\/strong><\/p>\n<\/div>\n<\/div>\n\n\n\n<div class=\"wp-block-group wp-container-content-574e1f9d is-vertical is-content-justification-center is-layout-flex wp-container-core-group-is-layout-841e23de wp-block-group-is-layout-flex\">\n<p class=\"wp-block-paragraph\"><\/p>\n\n\n\n<p class=\"wp-block-paragraph\"><\/p>\n<\/div>\n\n\n\n<div class=\"wp-block-group wp-container-content-574e1f9d is-vertical is-content-justification-center is-layout-flex wp-container-core-group-is-layout-841e23de wp-block-group-is-layout-flex\">\n<p class=\"wp-block-paragraph\">10 eur<\/p>\n\n\n\n<p class=\"wp-block-paragraph\">11 eur<\/p>\n\n\n\n<p class=\"wp-block-paragraph\">10eur<\/p>\n\n\n\n<p class=\"wp-block-paragraph\">11 eur<\/p>\n\n\n\n<p class=\"wp-block-paragraph\">20 eur<\/p>\n<\/div>\n<\/div>\n\n\n\n<h2 class=\"wp-block-heading has-custom-color-2-color has-text-color has-link-color wp-elements-2d2b9d3cc1b86f8b4382c2ce3cf31f06\" style=\"padding-right:var(--wp--preset--spacing--30);padding-left:var(--wp--preset--spacing--30);font-size:clamp(26.465px, 1.654rem + ((1vw - 3.2px) * 2.106), 45px);\">Pristatymo trukm\u0117<\/h2>\n\n\n\n<p class=\"wp-block-paragraph\" style=\"padding-right:var(--wp--preset--spacing--30);padding-left:var(--wp--preset--spacing--30)\">J\u016bs\u0173 u\u017esakymo pristatymo trukm\u0117 priklauso nuo pristatymo vietos.<\/p>\n\n\n\n<p class=\"wp-block-paragraph\" style=\"padding-right:var(--wp--preset--spacing--30);padding-left:var(--wp--preset--spacing--30)\">Atkreipkite d\u0117mes\u012f, kad numatomas pristatymo laikas yra apytikslis ir gali skirtis d\u0117l nuo m\u016bs\u0173 nepriklausan\u010di\u0173 veiksni\u0173, toki\u0173 kaip muitin\u0117s proced\u016bros, vietin\u0117s \u0161vent\u0117s ar kiti nenumatyti veiksniai. Rekomenduojame per\u017ei\u016br\u0117ti numatom\u0105 pristatymo dat\u0105, nurodyt\u0105 atsiskaitant.<\/p>\n\n\n\n<h2 class=\"wp-block-heading has-custom-color-2-color has-text-color has-link-color wp-elements-651185bcc7d1084d785acb21aaf459a7\" style=\"padding-right:var(--wp--preset--spacing--30);padding-left:var(--wp--preset--spacing--30);font-size:clamp(26.465px, 1.654rem + ((1vw - 3.2px) * 2.106), 45px);\">Siuntos sekimas<\/h2>\n\n\n\n<p class=\"wp-block-paragraph\" style=\"padding-right:var(--wp--preset--spacing--30);padding-left:var(--wp--preset--spacing--30)\">Visoms siuntoms teikiame u\u017esakym\u0173 sekimo paslaug\u0105. Kai j\u016bs\u0173 u\u017esakymas bus i\u0161si\u0173stas, gausite siuntos patvirtinimo el. lai\u0161k\u0105 su sekimo numeriu ir instrukcijomis, kaip sekti pristatymo eig\u0105.<\/p>\n\n\n\n<h2 class=\"wp-block-heading has-custom-color-2-color has-text-color has-link-color has-mindgames-font-family wp-elements-4fd368cce5b452169e4368446a7725b4\" style=\"padding-right:var(--wp--preset--spacing--30);padding-left:var(--wp--preset--spacing--30);font-size:clamp(26.465px, 1.654rem + ((1vw - 3.2px) * 2.106), 45px);\">Muitai<\/h2>\n\n\n\n<p class=\"wp-block-paragraph\" style=\"padding-right:var(--wp--preset--spacing--30);padding-left:var(--wp--preset--spacing--30)\">Atkreipkite d\u0117mes\u012f, kad j\u016bs\u0173 u\u017esakymui gali b\u016bti taikomi kiti mokes\u010diaii, priklausomai nuo j\u016bs\u0173 \u0161alies politikos. Bet kokie papildomi muitin\u0117s nustatyti mokes\u010diai ar importo mokes\u010diai yra <strong>pirk\u0117jo atsakomyb\u0117je.<\/strong>.<\/p>\n\n\n\n<h2 class=\"wp-block-heading has-custom-color-2-color has-text-color has-link-color has-mindgames-font-family wp-elements-256a8be54007b047ba578a0cea9f73c8\" style=\"padding-right:var(--wp--preset--spacing--30);padding-left:var(--wp--preset--spacing--30);font-size:clamp(26.465px, 1.654rem + ((1vw - 3.2px) * 2.106), 45px);\"><strong>Adresas<\/strong><\/h2>\n\n\n\n<p class=\"wp-block-paragraph\" style=\"padding-right:var(--wp--preset--spacing--30);padding-left:var(--wp--preset--spacing--30)\">Norint u\u017etikrinti s\u0117kming\u0105 pristatym\u0105, labai svarbu pateikti tiksli\u0105 ir i\u0161sami\u0105 pristatymo informacij\u0105 atsiskaitymo metu. Rekomenduojame \u012ftraukti konkre\u010di\u0105 informacij\u0105, pvz., dur\u0173 kodus, but\u0173 numerius ar kitas susijusias pristatymo instrukcijas. \u201ePhysical Mind Games\u201c nebus atsakinga u\u017e pristatymo v\u0117lavimus ar problemas, kilusias d\u0117l neteisingos ar nepilnos pristatymo informacijos.<\/p>\n\n\n\n<h2 class=\"wp-block-heading has-custom-color-2-color has-text-color has-link-color has-mindgames-font-family wp-elements-acca5219c8f999b58b53a4953f39a911\" style=\"padding-right:var(--wp--preset--spacing--30);padding-left:var(--wp--preset--spacing--30);font-size:clamp(26.465px, 1.654rem + ((1vw - 3.2px) * 2.106), 45px);\">Reikia kitos pagalbos?<\/h2>\n\n\n\n<p class=\"has-custom-color-2-color has-text-color has-link-color wp-elements-702ebd8ce92204177a3e1bafcafa4217 wp-block-paragraph\" style=\"padding-right:var(--wp--preset--spacing--30);padding-bottom:var(--wp--preset--spacing--30);padding-left:var(--wp--preset--spacing--30)\">Jei turite kit\u0173 klausim\u0173 nedvejodami susisiekite su mumis. Ra\u0161ykite per&nbsp;<a data-type=\"page\" data-id=\"95\" href=\"https:\/\/physicalmindgames.com\/lt\/contact-us\/\" target=\"_blank\" rel=\"noreferrer noopener\">Kontaktai<\/a>&nbsp;form\u0105 arba tiesiogiai pa\u0161tu: <a href=\"mailto:info@physicalmindgames.com\"><strong>info@physicalmindgames.com<\/strong><\/a><\/p>\n<\/div>","protected":false},"excerpt":{"rendered":"<p>SHIPPING AND DELIVERY We understand the excitement of receiving your order as soon as possible and in pristine condition, and we&#8217;re committed to ensuring a smooth and efficient shipping experience. Shipping carriers We work together with LP Express, Omniva and DPD trusted logistics providers, to handle the delivery of your orders. These providers enables us [&hellip;]<\/p>\n","protected":false},"author":1,"featured_media":0,"parent":0,"menu_order":0,"comment_status":"closed","ping_status":"open","template":"","meta":{"_crdt_document":"","footnotes":""},"class_list":["post-3","page","type-page","status-publish","hentry"],"yoast_head":"<!-- This site is optimized with the Yoast SEO plugin v27.2 - https:\/\/yoast.com\/product\/yoast-seo-wordpress\/ -->\n<title>Shipping and Delivery - Physical Mind Games<\/title>\n<meta name=\"robots\" content=\"index, follow, max-snippet:-1, max-image-preview:large, max-video-preview:-1\" \/>\n<link rel=\"canonical\" href=\"https:\/\/physicalmindgames.com\/lt\/shipping-delivery\/\" \/>\n<meta property=\"og:locale\" content=\"lt_LT\" \/>\n<meta property=\"og:type\" content=\"article\" \/>\n<meta property=\"og:title\" content=\"Shipping and Delivery - Physical Mind Games\" \/>\n<meta property=\"og:description\" content=\"SHIPPING AND DELIVERY We understand the excitement of receiving your order as soon as possible and in pristine condition, and we&#8217;re committed to ensuring a smooth and efficient shipping experience. Shipping carriers We work together with LP Express, Omniva and DPD trusted logistics providers, to handle the delivery of your orders. These providers enables us [&hellip;]\" \/>\n<meta property=\"og:url\" content=\"https:\/\/physicalmindgames.com\/lt\/shipping-delivery\/\" \/>\n<meta property=\"og:site_name\" content=\"Physical Mind Games\" \/>\n<meta property=\"article:modified_time\" content=\"2025-10-09T07:25:33+00:00\" \/>\n<meta name=\"twitter:card\" content=\"summary_large_image\" \/>\n<meta name=\"twitter:label1\" content=\"Est. reading time\" \/>\n\t<meta name=\"twitter:data1\" content=\"2 minut\u0117s\" \/>\n<script type=\"application\/ld+json\" class=\"yoast-schema-graph\">{\"@context\":\"https:\/\/schema.org\",\"@graph\":[{\"@type\":\"WebPage\",\"@id\":\"https:\/\/physicalmindgames.com\/shipping-delivery\/\",\"url\":\"https:\/\/physicalmindgames.com\/shipping-delivery\/\",\"name\":\"Shipping and Delivery - Physical Mind Games\",\"isPartOf\":{\"@id\":\"https:\/\/physicalmindgames.com\/#website\"},\"datePublished\":\"2025-09-01T11:41:41+00:00\",\"dateModified\":\"2025-10-09T07:25:33+00:00\",\"breadcrumb\":{\"@id\":\"https:\/\/physicalmindgames.com\/shipping-delivery\/#breadcrumb\"},\"inLanguage\":\"lt-LT\",\"potentialAction\":[{\"@type\":\"ReadAction\",\"target\":[\"https:\/\/physicalmindgames.com\/shipping-delivery\/\"]}]},{\"@type\":\"BreadcrumbList\",\"@id\":\"https:\/\/physicalmindgames.com\/shipping-delivery\/#breadcrumb\",\"itemListElement\":[{\"@type\":\"ListItem\",\"position\":1,\"name\":\"Home\",\"item\":\"https:\/\/physicalmindgames.com\/\"},{\"@type\":\"ListItem\",\"position\":2,\"name\":\"Shipping and Delivery\"}]},{\"@type\":\"WebSite\",\"@id\":\"https:\/\/physicalmindgames.com\/#website\",\"url\":\"https:\/\/physicalmindgames.com\/\",\"name\":\"Physical Mind Games\",\"description\":\"\",\"publisher\":{\"@id\":\"https:\/\/physicalmindgames.com\/#organization\"},\"potentialAction\":[{\"@type\":\"SearchAction\",\"target\":{\"@type\":\"EntryPoint\",\"urlTemplate\":\"https:\/\/physicalmindgames.com\/?s={search_term_string}\"},\"query-input\":{\"@type\":\"PropertyValueSpecification\",\"valueRequired\":true,\"valueName\":\"search_term_string\"}}],\"inLanguage\":\"lt-LT\"},{\"@type\":\"Organization\",\"@id\":\"https:\/\/physicalmindgames.com\/#organization\",\"name\":\"Physical Mind Games\",\"url\":\"https:\/\/physicalmindgames.com\/\",\"logo\":{\"@type\":\"ImageObject\",\"inLanguage\":\"lt-LT\",\"@id\":\"https:\/\/physicalmindgames.com\/#\/schema\/logo\/image\/\",\"url\":\"https:\/\/physicalmindgames.com\/wp-content\/uploads\/2025\/09\/cropped-logo-just.png\",\"contentUrl\":\"https:\/\/physicalmindgames.com\/wp-content\/uploads\/2025\/09\/cropped-logo-just.png\",\"width\":512,\"height\":512,\"caption\":\"Physical Mind Games\"},\"image\":{\"@id\":\"https:\/\/physicalmindgames.com\/#\/schema\/logo\/image\/\"}}]}<\/script>\n<!-- \/ Yoast SEO plugin. -->","yoast_head_json":{"title":"Shipping and Delivery - Physical Mind Games","robots":{"index":"index","follow":"follow","max-snippet":"max-snippet:-1","max-image-preview":"max-image-preview:large","max-video-preview":"max-video-preview:-1"},"canonical":"https:\/\/physicalmindgames.com\/lt\/shipping-delivery\/","og_locale":"lt_LT","og_type":"article","og_title":"Shipping and Delivery - Physical Mind Games","og_description":"SHIPPING AND DELIVERY We understand the excitement of receiving your order as soon as possible and in pristine condition, and we&#8217;re committed to ensuring a smooth and efficient shipping experience. Shipping carriers We work together with LP Express, Omniva and DPD trusted logistics providers, to handle the delivery of your orders. These providers enables us [&hellip;]","og_url":"https:\/\/physicalmindgames.com\/lt\/shipping-delivery\/","og_site_name":"Physical Mind Games","article_modified_time":"2025-10-09T07:25:33+00:00","twitter_card":"summary_large_image","twitter_misc":{"Est. reading time":"2 minut\u0117s"},"schema":{"@context":"https:\/\/schema.org","@graph":[{"@type":"WebPage","@id":"https:\/\/physicalmindgames.com\/shipping-delivery\/","url":"https:\/\/physicalmindgames.com\/shipping-delivery\/","name":"Shipping and Delivery - Physical Mind Games","isPartOf":{"@id":"https:\/\/physicalmindgames.com\/#website"},"datePublished":"2025-09-01T11:41:41+00:00","dateModified":"2025-10-09T07:25:33+00:00","breadcrumb":{"@id":"https:\/\/physicalmindgames.com\/shipping-delivery\/#breadcrumb"},"inLanguage":"lt-LT","potentialAction":[{"@type":"ReadAction","target":["https:\/\/physicalmindgames.com\/shipping-delivery\/"]}]},{"@type":"BreadcrumbList","@id":"https:\/\/physicalmindgames.com\/shipping-delivery\/#breadcrumb","itemListElement":[{"@type":"ListItem","position":1,"name":"Home","item":"https:\/\/physicalmindgames.com\/"},{"@type":"ListItem","position":2,"name":"Shipping and Delivery"}]},{"@type":"WebSite","@id":"https:\/\/physicalmindgames.com\/#website","url":"https:\/\/physicalmindgames.com\/","name":"Physical Mind Games","description":"","publisher":{"@id":"https:\/\/physicalmindgames.com\/#organization"},"potentialAction":[{"@type":"SearchAction","target":{"@type":"EntryPoint","urlTemplate":"https:\/\/physicalmindgames.com\/?s={search_term_string}"},"query-input":{"@type":"PropertyValueSpecification","valueRequired":true,"valueName":"search_term_string"}}],"inLanguage":"lt-LT"},{"@type":"Organization","@id":"https:\/\/physicalmindgames.com\/#organization","name":"Physical Mind Games","url":"https:\/\/physicalmindgames.com\/","logo":{"@type":"ImageObject","inLanguage":"lt-LT","@id":"https:\/\/physicalmindgames.com\/#\/schema\/logo\/image\/","url":"https:\/\/physicalmindgames.com\/wp-content\/uploads\/2025\/09\/cropped-logo-just.png","contentUrl":"https:\/\/physicalmindgames.com\/wp-content\/uploads\/2025\/09\/cropped-logo-just.png","width":512,"height":512,"caption":"Physical Mind Games"},"image":{"@id":"https:\/\/physicalmindgames.com\/#\/schema\/logo\/image\/"}}]}},"_hostinger_reach_plugin_has_subscription_block":false,"_hostinger_reach_plugin_is_elementor":false,"_links":{"self":[{"href":"https:\/\/physicalmindgames.com\/lt\/wp-json\/wp\/v2\/pages\/3","targetHints":{"allow":["GET"]}}],"collection":[{"href":"https:\/\/physicalmindgames.com\/lt\/wp-json\/wp\/v2\/pages"}],"about":[{"href":"https:\/\/physicalmindgames.com\/lt\/wp-json\/wp\/v2\/types\/page"}],"author":[{"embeddable":true,"href":"https:\/\/physicalmindgames.com\/lt\/wp-json\/wp\/v2\/users\/1"}],"replies":[{"embeddable":true,"href":"https:\/\/physicalmindgames.com\/lt\/wp-json\/wp\/v2\/comments?post=3"}],"version-history":[{"count":17,"href":"https:\/\/physicalmindgames.com\/lt\/wp-json\/wp\/v2\/pages\/3\/revisions"}],"predecessor-version":[{"id":1087,"href":"https:\/\/physicalmindgames.com\/lt\/wp-json\/wp\/v2\/pages\/3\/revisions\/1087"}],"wp:attachment":[{"href":"https:\/\/physicalmindgames.com\/lt\/wp-json\/wp\/v2\/media?parent=3"}],"curies":[{"name":"wp","href":"https:\/\/api.w.org\/{rel}","templated":true}]}}