{"id":40,"date":"2025-09-03T13:19:17","date_gmt":"2025-09-03T13:19:17","guid":{"rendered":"https:\/\/physicalmindgames.com\/cart\/"},"modified":"2026-01-30T22:55:51","modified_gmt":"2026-01-30T22:55:51","slug":"cart","status":"publish","type":"page","link":"https:\/\/physicalmindgames.com\/lt\/cart\/","title":{"rendered":"Pirkini\u0173 krep\u0161elis"},"content":{"rendered":"<div data-block-name=\"woocommerce\/cart\" class=\"wp-block-woocommerce-cart alignwide is-loading\">\n<div data-block-name=\"woocommerce\/filled-cart-block\" class=\"wp-block-woocommerce-filled-cart-block\">\n<div data-block-name=\"woocommerce\/cart-items-block\" class=\"wp-block-woocommerce-cart-items-block\">\n<div data-block-name=\"woocommerce\/cart-line-items-block\" class=\"wp-block-woocommerce-cart-line-items-block\"><\/div>\n\n\n\n<div data-block-name=\"woocommerce\/cart-cross-sells-block\" class=\"wp-block-woocommerce-cart-cross-sells-block\">\n<h2 class=\"wp-block-heading has-large-font-size\">You may be interested in\u2026<\/h2>\n\n\n\n<div data-block-name=\"woocommerce\/cart-cross-sells-products-block\" class=\"wp-block-woocommerce-cart-cross-sells-products-block\"><\/div>\n<\/div>\n<\/div>\n\n\n\n<div data-block-name=\"woocommerce\/cart-totals-block\" class=\"wp-block-woocommerce-cart-totals-block\">\n<div data-block-name=\"woocommerce\/cart-order-summary-block\" class=\"wp-block-woocommerce-cart-order-summary-block\">\n<div data-block-name=\"woocommerce\/cart-order-summary-heading-block\" class=\"wp-block-woocommerce-cart-order-summary-heading-block\"><\/div>\n\n\n\n<div data-block-name=\"woocommerce\/cart-order-summary-coupon-form-block\" class=\"wp-block-woocommerce-cart-order-summary-coupon-form-block\"><\/div>\n\n\n\n<div data-block-name=\"woocommerce\/cart-order-summary-totals-block\" class=\"wp-block-woocommerce-cart-order-summary-totals-block\">\n<div data-block-name=\"woocommerce\/cart-order-summary-subtotal-block\" class=\"wp-block-woocommerce-cart-order-summary-subtotal-block\"><\/div>\n\n\n\n<div data-block-name=\"woocommerce\/cart-order-summary-fee-block\" class=\"wp-block-woocommerce-cart-order-summary-fee-block\"><\/div>\n\n\n\n<div data-block-name=\"woocommerce\/cart-order-summary-discount-block\" class=\"wp-block-woocommerce-cart-order-summary-discount-block\"><\/div>\n\n\n\n<div data-block-name=\"woocommerce\/cart-order-summary-shipping-block\" class=\"wp-block-woocommerce-cart-order-summary-shipping-block\"><\/div>\n\n\n\n<div data-block-name=\"woocommerce\/cart-order-summary-taxes-block\" class=\"wp-block-woocommerce-cart-order-summary-taxes-block\"><\/div>\n<\/div>\n<\/div>\n\n\n\n<div data-block-name=\"woocommerce\/cart-express-payment-block\" class=\"wp-block-woocommerce-cart-express-payment-block\"><\/div>\n\n\n\n<div data-block-name=\"woocommerce\/proceed-to-checkout-block\" class=\"wp-block-woocommerce-proceed-to-checkout-block\"><\/div>\n<div id=\"ppcp-recaptcha-v2-container\" style=\"margin:20px 0;\"><\/div>\n\n\n<div data-block-name=\"woocommerce\/cart-accepted-payment-methods-block\" class=\"wp-block-woocommerce-cart-accepted-payment-methods-block\"><\/div>\n<\/div>\n<\/div>\n\n\n\n<div data-block-name=\"woocommerce\/empty-cart-block\" class=\"wp-block-woocommerce-empty-cart-block\">\n<h2 class=\"wp-block-heading has-text-align-center with-empty-cart-icon wc-block-cart__empty-cart__title has-expose-variable-font-family\">J\u016bs\u0173 krep\u0161elis tu\u0161\u010dias!<\/h2>\n\n\n\n<hr class=\"wp-block-separator has-alpha-channel-opacity is-style-dots\"\/>\n\n\n\n<h2 class=\"wp-block-heading has-text-align-center has-khand-variable-font-family\" style=\"font-style:normal;font-weight:600\">New in store<\/h2>\n\n\n<div data-block-name=\"woocommerce\/product-new\" data-columns=\"4\" data-rows=\"1\" class=\"wc-block-grid wp-block-product-new wp-block-woocommerce-product-new wc-block-product-new has-4-columns\"><ul class=\"wc-block-grid__products\"><li class=\"wc-block-grid__product\"><span class=\"gtm4wp_productdata\" style=\"display:none; visibility:hidden;\" data-gtm4wp_product_data=\"{&quot;internal_id&quot;:501,&quot;item_id&quot;:501,&quot;item_name&quot;:&quot;Brushstroke Mayhem Deluxe Wooden Edition&quot;,&quot;sku&quot;:501,&quot;price&quot;:32,&quot;stocklevel&quot;:3,&quot;stockstatus&quot;:&quot;instock&quot;,&quot;google_business_vertical&quot;:&quot;retail&quot;,&quot;item_category&quot;:&quot;Deluxe Wooden Edition&quot;,&quot;id&quot;:501,&quot;productlink&quot;:&quot;https:\\\/\\\/physicalmindgames.com\\\/lt\\\/https:\\\/physicalmindgames.com\\\/board-games\\\/brushstroke-mayhem-deluxe-wooden-edition\\\/&quot;,&quot;item_list_name&quot;:&quot;General Product List&quot;,&quot;index&quot;:0,&quot;product_type&quot;:&quot;simple&quot;,&quot;item_brand&quot;:&quot;&quot;}\"><\/span>\n\t\t\t\t<a href=\"https:\/\/physicalmindgames.com\/lt\/https:\/physicalmindgames.com\/board-games\/brushstroke-mayhem-deluxe-wooden-edition\/\" class=\"wc-block-grid__product-link\">\n\t\t\t\t\t<div class=\"wc-block-grid__product-onsale\">\n\t\t\t<span aria-hidden=\"true\" data-no-translation=\"\" data-trp-gettext=\"\">Akcija<\/span>\n\t\t\t<span class=\"screen-reader-text\" data-no-translation=\"\" data-trp-gettext=\"\">Produktas su nuolaida<\/span>\n\t\t<\/div>\n\t\t\t\t\t<div class=\"wc-block-grid__product-image\"><img loading=\"lazy\" decoding=\"async\" width=\"300\" height=\"300\" src=\"https:\/\/physicalmindgames.com\/wp-content\/uploads\/2025\/11\/m_Pusny_1.1-1-300x300.jpg\" class=\"attachment-woocommerce_thumbnail size-woocommerce_thumbnail\" alt=\"Brushstroke Mayhem Deluxe\" srcset=\"https:\/\/physicalmindgames.com\/wp-content\/uploads\/2025\/11\/m_Pusny_1.1-1-300x300.jpg 300w, https:\/\/physicalmindgames.com\/wp-content\/uploads\/2025\/11\/m_Pusny_1.1-1-1024x1024.jpg 1024w, https:\/\/physicalmindgames.com\/wp-content\/uploads\/2025\/11\/m_Pusny_1.1-1-150x150.jpg 150w, https:\/\/physicalmindgames.com\/wp-content\/uploads\/2025\/11\/m_Pusny_1.1-1-768x768.jpg 768w, https:\/\/physicalmindgames.com\/wp-content\/uploads\/2025\/11\/m_Pusny_1.1-1-1536x1536.jpg 1536w, https:\/\/physicalmindgames.com\/wp-content\/uploads\/2025\/11\/m_Pusny_1.1-1-2048x2048.jpg 2048w, https:\/\/physicalmindgames.com\/wp-content\/uploads\/2025\/11\/m_Pusny_1.1-1-12x12.jpg 12w, https:\/\/physicalmindgames.com\/wp-content\/uploads\/2025\/11\/m_Pusny_1.1-1-600x600.jpg 600w, https:\/\/physicalmindgames.com\/wp-content\/uploads\/2025\/11\/m_Pusny_1.1-1-100x100.jpg 100w\" sizes=\"auto, (max-width: 300px) 100vw, 300px\" \/><\/div>\n\t\t\t\t\t<div class=\"wc-block-grid__product-title\">Brushstroke Mayhem prabangus rank\u0173 darbo leidimas<\/div>\n\t\t\t\t<\/a>\n\t\t\t\t<div class=\"wc-block-grid__product-price price\"><del aria-hidden=\"true\"><span class=\"woocommerce-Price-amount amount\">37,00&nbsp;<span class=\"woocommerce-Price-currencySymbol\">&euro;<\/span><\/span><\/del> <span class=\"screen-reader-text\" data-no-translation=\"\" data-trp-gettext=\"\">Original price was: 37,00&nbsp;&euro;.<\/span><ins aria-hidden=\"true\"><span class=\"woocommerce-Price-amount amount\">32,00&nbsp;<span class=\"woocommerce-Price-currencySymbol\">&euro;<\/span><\/span><\/ins><span class=\"screen-reader-text\" data-no-translation=\"\" data-trp-gettext=\"\">Current price is: 32,00&nbsp;&euro;.<\/span><\/div>\n\t\t\t\t\n\t\t\t\t<div class=\"wp-block-button wc-block-grid__product-add-to-cart\"><a href=\"\/lt\/wp-json\/wp\/v2\/pages\/40?add-to-cart=501\" aria-label=\"Add to cart: \u201cBrushstroke Mayhem Deluxe Wooden Edition\u201d\" data-quantity=\"1\" data-product_id=\"501\" data-product_sku=\"\" data-price=\"32\" rel=\"nofollow\" class=\"wp-block-button__link wp-element-button add_to_cart_button ajax_add_to_cart\" data-no-translation=\"\" data-trp-gettext=\"\" data-no-translation-aria-label=\"\">\u012e krep\u0161el\u012f<\/a><\/div>\n\t\t\t<\/li><li class=\"wc-block-grid__product\"><span class=\"gtm4wp_productdata\" style=\"display:none; visibility:hidden;\" data-gtm4wp_product_data=\"{&quot;internal_id&quot;:486,&quot;item_id&quot;:486,&quot;item_name&quot;:&quot;Brushstroke Mayhem&quot;,&quot;sku&quot;:486,&quot;price&quot;:25,&quot;stocklevel&quot;:5,&quot;stockstatus&quot;:&quot;instock&quot;,&quot;google_business_vertical&quot;:&quot;retail&quot;,&quot;item_category&quot;:&quot;Full Palette Expansion&quot;,&quot;id&quot;:486,&quot;productlink&quot;:&quot;https:\\\/\\\/physicalmindgames.com\\\/lt\\\/https:\\\/physicalmindgames.com\\\/board-games\\\/brushstroke-mayhem-full-palette-expansion\\\/&quot;,&quot;item_list_name&quot;:&quot;General Product List&quot;,&quot;index&quot;:0,&quot;product_type&quot;:&quot;simple&quot;,&quot;item_brand&quot;:&quot;&quot;}\"><\/span>\n\t\t\t\t<a href=\"https:\/\/physicalmindgames.com\/lt\/https:\/physicalmindgames.com\/board-games\/brushstroke-mayhem-full-palette-expansion\/\" class=\"wc-block-grid__product-link\">\n\t\t\t\t\t<div class=\"wc-block-grid__product-onsale\">\n\t\t\t<span aria-hidden=\"true\" data-no-translation=\"\" data-trp-gettext=\"\">Akcija<\/span>\n\t\t\t<span class=\"screen-reader-text\" data-no-translation=\"\" data-trp-gettext=\"\">Produktas su nuolaida<\/span>\n\t\t<\/div>\n\t\t\t\t\t<div class=\"wc-block-grid__product-image\"><img loading=\"lazy\" decoding=\"async\" width=\"300\" height=\"300\" src=\"https:\/\/physicalmindgames.com\/wp-content\/uploads\/2025\/11\/P_Pusny_1.1-300x300.jpg\" class=\"attachment-woocommerce_thumbnail size-woocommerce_thumbnail\" alt=\"Brushstroke Mayhem featuring Full Palette Expansion\" srcset=\"https:\/\/physicalmindgames.com\/wp-content\/uploads\/2025\/11\/P_Pusny_1.1-300x300.jpg 300w, https:\/\/physicalmindgames.com\/wp-content\/uploads\/2025\/11\/P_Pusny_1.1-1024x1024.jpg 1024w, https:\/\/physicalmindgames.com\/wp-content\/uploads\/2025\/11\/P_Pusny_1.1-150x150.jpg 150w, https:\/\/physicalmindgames.com\/wp-content\/uploads\/2025\/11\/P_Pusny_1.1-768x768.jpg 768w, https:\/\/physicalmindgames.com\/wp-content\/uploads\/2025\/11\/P_Pusny_1.1-1536x1536.jpg 1536w, https:\/\/physicalmindgames.com\/wp-content\/uploads\/2025\/11\/P_Pusny_1.1-2048x2048.jpg 2048w, https:\/\/physicalmindgames.com\/wp-content\/uploads\/2025\/11\/P_Pusny_1.1-12x12.jpg 12w, https:\/\/physicalmindgames.com\/wp-content\/uploads\/2025\/11\/P_Pusny_1.1-600x600.jpg 600w, https:\/\/physicalmindgames.com\/wp-content\/uploads\/2025\/11\/P_Pusny_1.1-100x100.jpg 100w\" sizes=\"auto, (max-width: 300px) 100vw, 300px\" \/><\/div>\n\t\t\t\t\t<div class=\"wc-block-grid__product-title\">Brushstroke Mayhem<\/div>\n\t\t\t\t<\/a>\n\t\t\t\t<div class=\"wc-block-grid__product-price price\"><del aria-hidden=\"true\"><span class=\"woocommerce-Price-amount amount\">29,00&nbsp;<span class=\"woocommerce-Price-currencySymbol\">&euro;<\/span><\/span><\/del> <span class=\"screen-reader-text\" data-no-translation=\"\" data-trp-gettext=\"\">Original price was: 29,00&nbsp;&euro;.<\/span><ins aria-hidden=\"true\"><span class=\"woocommerce-Price-amount amount\">25,00&nbsp;<span class=\"woocommerce-Price-currencySymbol\">&euro;<\/span><\/span><\/ins><span class=\"screen-reader-text\" data-no-translation=\"\" data-trp-gettext=\"\">Current price is: 25,00&nbsp;&euro;.<\/span><\/div>\n\t\t\t\t\n\t\t\t\t<div class=\"wp-block-button wc-block-grid__product-add-to-cart\"><a href=\"\/lt\/wp-json\/wp\/v2\/pages\/40?add-to-cart=486\" aria-label=\"Add to cart: \u201cBrushstroke Mayhem\u201d\" data-quantity=\"1\" data-product_id=\"486\" data-product_sku=\"\" data-price=\"25\" rel=\"nofollow\" class=\"wp-block-button__link wp-element-button add_to_cart_button ajax_add_to_cart\" data-no-translation=\"\" data-trp-gettext=\"\" data-no-translation-aria-label=\"\">\u012e krep\u0161el\u012f<\/a><\/div>\n\t\t\t<\/li><\/ul><\/div><\/div>\n<\/div>","protected":false},"excerpt":{"rendered":"","protected":false},"author":1,"featured_media":0,"parent":0,"menu_order":0,"comment_status":"closed","ping_status":"closed","template":"","meta":{"_crdt_document":"","footnotes":""},"class_list":["post-40","page","type-page","status-publish","hentry"],"yoast_head":"<!-- This site is optimized with the Yoast SEO plugin v27.2 - https:\/\/yoast.com\/product\/yoast-seo-wordpress\/ -->\n<title>Cart - Physical Mind Games<\/title>\n<meta name=\"robots\" content=\"index, follow, max-snippet:-1, max-image-preview:large, max-video-preview:-1\" \/>\n<link rel=\"canonical\" href=\"https:\/\/physicalmindgames.com\/lt\/cart\/\" \/>\n<meta property=\"og:locale\" content=\"lt_LT\" \/>\n<meta property=\"og:type\" content=\"article\" \/>\n<meta property=\"og:title\" content=\"Cart - Physical Mind Games\" \/>\n<meta property=\"og:url\" content=\"https:\/\/physicalmindgames.com\/lt\/cart\/\" \/>\n<meta property=\"og:site_name\" content=\"Physical Mind Games\" \/>\n<meta property=\"article:modified_time\" content=\"2026-01-30T22:55:51+00:00\" \/>\n<meta name=\"twitter:card\" content=\"summary_large_image\" \/>\n<meta name=\"twitter:label1\" content=\"Est. reading time\" \/>\n\t<meta name=\"twitter:data1\" content=\"1 minut\u0117\" \/>\n<script type=\"application\/ld+json\" class=\"yoast-schema-graph\">{\"@context\":\"https:\/\/schema.org\",\"@graph\":[{\"@type\":\"WebPage\",\"@id\":\"https:\/\/physicalmindgames.com\/cart\/\",\"url\":\"https:\/\/physicalmindgames.com\/cart\/\",\"name\":\"Cart - Physical Mind Games\",\"isPartOf\":{\"@id\":\"https:\/\/physicalmindgames.com\/#website\"},\"datePublished\":\"2025-09-03T13:19:17+00:00\",\"dateModified\":\"2026-01-30T22:55:51+00:00\",\"breadcrumb\":{\"@id\":\"https:\/\/physicalmindgames.com\/cart\/#breadcrumb\"},\"inLanguage\":\"lt-LT\",\"potentialAction\":[{\"@type\":\"ReadAction\",\"target\":[\"https:\/\/physicalmindgames.com\/cart\/\"]}]},{\"@type\":\"BreadcrumbList\",\"@id\":\"https:\/\/physicalmindgames.com\/cart\/#breadcrumb\",\"itemListElement\":[{\"@type\":\"ListItem\",\"position\":1,\"name\":\"Home\",\"item\":\"https:\/\/physicalmindgames.com\/\"},{\"@type\":\"ListItem\",\"position\":2,\"name\":\"Cart\"}]},{\"@type\":\"WebSite\",\"@id\":\"https:\/\/physicalmindgames.com\/#website\",\"url\":\"https:\/\/physicalmindgames.com\/\",\"name\":\"Physical Mind Games\",\"description\":\"\",\"publisher\":{\"@id\":\"https:\/\/physicalmindgames.com\/#organization\"},\"potentialAction\":[{\"@type\":\"SearchAction\",\"target\":{\"@type\":\"EntryPoint\",\"urlTemplate\":\"https:\/\/physicalmindgames.com\/?s={search_term_string}\"},\"query-input\":{\"@type\":\"PropertyValueSpecification\",\"valueRequired\":true,\"valueName\":\"search_term_string\"}}],\"inLanguage\":\"lt-LT\"},{\"@type\":\"Organization\",\"@id\":\"https:\/\/physicalmindgames.com\/#organization\",\"name\":\"Physical Mind Games\",\"url\":\"https:\/\/physicalmindgames.com\/\",\"logo\":{\"@type\":\"ImageObject\",\"inLanguage\":\"lt-LT\",\"@id\":\"https:\/\/physicalmindgames.com\/#\/schema\/logo\/image\/\",\"url\":\"https:\/\/physicalmindgames.com\/wp-content\/uploads\/2025\/09\/cropped-logo-just.png\",\"contentUrl\":\"https:\/\/physicalmindgames.com\/wp-content\/uploads\/2025\/09\/cropped-logo-just.png\",\"width\":512,\"height\":512,\"caption\":\"Physical Mind Games\"},\"image\":{\"@id\":\"https:\/\/physicalmindgames.com\/#\/schema\/logo\/image\/\"}}]}<\/script>\n<!-- \/ Yoast SEO plugin. -->","yoast_head_json":{"title":"Cart - Physical Mind Games","robots":{"index":"index","follow":"follow","max-snippet":"max-snippet:-1","max-image-preview":"max-image-preview:large","max-video-preview":"max-video-preview:-1"},"canonical":"https:\/\/physicalmindgames.com\/lt\/cart\/","og_locale":"lt_LT","og_type":"article","og_title":"Cart - Physical Mind Games","og_url":"https:\/\/physicalmindgames.com\/lt\/cart\/","og_site_name":"Physical Mind Games","article_modified_time":"2026-01-30T22:55:51+00:00","twitter_card":"summary_large_image","twitter_misc":{"Est. reading time":"1 minut\u0117"},"schema":{"@context":"https:\/\/schema.org","@graph":[{"@type":"WebPage","@id":"https:\/\/physicalmindgames.com\/cart\/","url":"https:\/\/physicalmindgames.com\/cart\/","name":"Cart - Physical Mind Games","isPartOf":{"@id":"https:\/\/physicalmindgames.com\/#website"},"datePublished":"2025-09-03T13:19:17+00:00","dateModified":"2026-01-30T22:55:51+00:00","breadcrumb":{"@id":"https:\/\/physicalmindgames.com\/cart\/#breadcrumb"},"inLanguage":"lt-LT","potentialAction":[{"@type":"ReadAction","target":["https:\/\/physicalmindgames.com\/cart\/"]}]},{"@type":"BreadcrumbList","@id":"https:\/\/physicalmindgames.com\/cart\/#breadcrumb","itemListElement":[{"@type":"ListItem","position":1,"name":"Home","item":"https:\/\/physicalmindgames.com\/"},{"@type":"ListItem","position":2,"name":"Cart"}]},{"@type":"WebSite","@id":"https:\/\/physicalmindgames.com\/#website","url":"https:\/\/physicalmindgames.com\/","name":"Physical Mind Games","description":"","publisher":{"@id":"https:\/\/physicalmindgames.com\/#organization"},"potentialAction":[{"@type":"SearchAction","target":{"@type":"EntryPoint","urlTemplate":"https:\/\/physicalmindgames.com\/?s={search_term_string}"},"query-input":{"@type":"PropertyValueSpecification","valueRequired":true,"valueName":"search_term_string"}}],"inLanguage":"lt-LT"},{"@type":"Organization","@id":"https:\/\/physicalmindgames.com\/#organization","name":"Physical Mind Games","url":"https:\/\/physicalmindgames.com\/","logo":{"@type":"ImageObject","inLanguage":"lt-LT","@id":"https:\/\/physicalmindgames.com\/#\/schema\/logo\/image\/","url":"https:\/\/physicalmindgames.com\/wp-content\/uploads\/2025\/09\/cropped-logo-just.png","contentUrl":"https:\/\/physicalmindgames.com\/wp-content\/uploads\/2025\/09\/cropped-logo-just.png","width":512,"height":512,"caption":"Physical Mind Games"},"image":{"@id":"https:\/\/physicalmindgames.com\/#\/schema\/logo\/image\/"}}]}},"_hostinger_reach_plugin_has_subscription_block":false,"_hostinger_reach_plugin_is_elementor":false,"_links":{"self":[{"href":"https:\/\/physicalmindgames.com\/lt\/wp-json\/wp\/v2\/pages\/40","targetHints":{"allow":["GET"]}}],"collection":[{"href":"https:\/\/physicalmindgames.com\/lt\/wp-json\/wp\/v2\/pages"}],"about":[{"href":"https:\/\/physicalmindgames.com\/lt\/wp-json\/wp\/v2\/types\/page"}],"author":[{"embeddable":true,"href":"https:\/\/physicalmindgames.com\/lt\/wp-json\/wp\/v2\/users\/1"}],"replies":[{"embeddable":true,"href":"https:\/\/physicalmindgames.com\/lt\/wp-json\/wp\/v2\/comments?post=40"}],"version-history":[{"count":7,"href":"https:\/\/physicalmindgames.com\/lt\/wp-json\/wp\/v2\/pages\/40\/revisions"}],"predecessor-version":[{"id":1196,"href":"https:\/\/physicalmindgames.com\/lt\/wp-json\/wp\/v2\/pages\/40\/revisions\/1196"}],"wp:attachment":[{"href":"https:\/\/physicalmindgames.com\/lt\/wp-json\/wp\/v2\/media?parent=40"}],"curies":[{"name":"wp","href":"https:\/\/api.w.org\/{rel}","templated":true}]}}