{"id":95,"date":"2025-09-16T08:50:43","date_gmt":"2025-09-16T08:50:43","guid":{"rendered":"https:\/\/physicalmindgames.com\/?page_id=95"},"modified":"2025-09-24T17:07:11","modified_gmt":"2025-09-24T17:07:11","slug":"contact-us","status":"publish","type":"page","link":"https:\/\/physicalmindgames.com\/lt\/contact-us\/","title":{"rendered":"Kontaktai"},"content":{"rendered":"\n<div class=\"wp-block-cover alignfull is-light\" style=\"padding-top:2%;min-height:265px;aspect-ratio:unset;\"><img loading=\"lazy\" decoding=\"async\" width=\"1024\" height=\"707\" class=\"wp-block-cover__image-background wp-image-563 size-large\" alt=\"\" src=\"https:\/\/physicalmindgames.com\/wp-content\/uploads\/2025\/09\/contact-us-top-1024x707.jpg\" data-object-fit=\"cover\" srcset=\"https:\/\/physicalmindgames.com\/wp-content\/uploads\/2025\/09\/contact-us-top-1024x707.jpg 1024w, https:\/\/physicalmindgames.com\/wp-content\/uploads\/2025\/09\/contact-us-top-300x207.jpg 300w, https:\/\/physicalmindgames.com\/wp-content\/uploads\/2025\/09\/contact-us-top-768x530.jpg 768w, https:\/\/physicalmindgames.com\/wp-content\/uploads\/2025\/09\/contact-us-top-1536x1060.jpg 1536w, https:\/\/physicalmindgames.com\/wp-content\/uploads\/2025\/09\/contact-us-top-2048x1413.jpg 2048w, https:\/\/physicalmindgames.com\/wp-content\/uploads\/2025\/09\/contact-us-top-600x414.jpg 600w\" sizes=\"auto, (max-width: 1024px) 100vw, 1024px\" \/><span aria-hidden=\"true\" class=\"wp-block-cover__background has-background-dim-0 has-background-dim\" style=\"background-color:#9e9352\"><\/span><div class=\"wp-block-cover__inner-container has-global-padding is-layout-constrained wp-container-core-cover-is-layout-36acc372 wp-block-cover-is-layout-constrained\">\n<div class=\"wp-block-group alignwide is-style-default is-vertical is-content-justification-center is-layout-flex wp-container-core-group-is-layout-eedd5f1d wp-block-group-is-layout-flex\" style=\"min-height:8rem\">\n<div class=\"wp-block-group has-global-padding is-layout-constrained wp-container-core-group-is-layout-8e4f86a6 wp-block-group-is-layout-constrained\">\n<h2 class=\"wp-block-heading has-custom-color-2-color has-text-color has-dokdo-font-family\" style=\"margin-top:8.5rem;margin-bottom:0rem;font-size:clamp(3.311rem, 3.311rem + ((1vw - 0.2rem) * 6.162), 6.7rem);font-style:normal;font-weight:400;line-height:1\">Let&#8217;s Connect<\/h2>\n<\/div>\n<\/div>\n<\/div><\/div>\n\n\n\n<section class=\"wp-block-group alignfull has-custom-color-3-background-color has-text-color has-background has-global-padding is-layout-constrained wp-container-core-group-is-layout-6302f23e wp-block-group-is-layout-constrained\" style=\"color:#03081e;margin-top:0px;padding-top:2.7rem;padding-right:var(--wp--preset--spacing--40);padding-bottom:1rem;padding-left:var(--wp--preset--spacing--40);font-size:clamp(0.875rem, 0.875rem + ((1vw - 0.2rem) * 0.464), 1.13rem);font-style:normal;font-weight:400;line-height:1.4\">\n<div class=\"wp-block-group alignfull has-text-color has-global-padding is-layout-constrained wp-container-core-group-is-layout-3276cf2f wp-block-group-is-layout-constrained\" style=\"color:#252525;margin-top:0px;padding-top:0rem;padding-right:1rem;padding-bottom:0rem;padding-left:1rem;font-size:clamp(0.875rem, 0.875rem + ((1vw - 0.2rem) * 0.464), 1.13rem);font-style:normal;font-weight:400;line-height:1.4\">\n<div class=\"wp-block-group is-vertical is-content-justification-center is-layout-flex wp-container-core-group-is-layout-eedd5f1d wp-block-group-is-layout-flex\">\n<div class=\"wp-block-group has-global-padding is-layout-constrained wp-container-core-group-is-layout-432db938 wp-block-group-is-layout-constrained\">\n<h1 class=\"wp-block-heading has-text-align-center has-text-color has-khand-variable-font-family\" style=\"color:#07277c;margin-bottom:0.51rem;font-size:clamp(0.875rem, 0.875rem + ((1vw - 0.2rem) * 0.773), 1.3rem);font-style:normal;font-weight:500;line-height:1.2\">Fill out the form below and we will get back to you shortly.<\/h1>\n<\/div>\n<\/div>\n<\/div>\n\n\n<style id=\"wpforms-css-vars-481-block-e37d489b-344b-4f5d-b5f2-63fd66b5e33f\">\n\t\t\t\t#wpforms-481.wpforms-block-e37d489b-344b-4f5d-b5f2-63fd66b5e33f {\n\t\t\t\t--wpforms-label-color: rgba(0, 0, 0, 0.85);\n--wpforms-label-sublabel-color: rgba(0, 0, 0, 0.55);\n--wpforms-field-border-color: rgba(0, 0, 0, 0.25);\n--wpforms-field-border-color-spare: rgba(0, 0, 0, 0.25);\n--wpforms-field-text-color: rgba(0, 0, 0, 0.7);\n--wpforms-button-background-color: #183e59;\n--wpforms-field-border-radius: 1px;\n--wpforms-field-size-input-height: 43px;\n--wpforms-field-size-input-spacing: 15px;\n--wpforms-field-size-font-size: 16px;\n--wpforms-field-size-line-height: 19px;\n--wpforms-field-size-padding-h: 14px;\n--wpforms-field-size-checkbox-size: 16px;\n--wpforms-field-size-sublabel-spacing: 5px;\n--wpforms-field-size-icon-size: 1;\n--wpforms-label-size-font-size: 14px;\n--wpforms-label-size-line-height: 17px;\n--wpforms-label-size-sublabel-font-size: 13px;\n--wpforms-label-size-sublabel-line-height: 16px;\n--wpforms-button-size-font-size: 17px;\n--wpforms-button-size-height: 41px;\n--wpforms-button-size-padding-h: 15px;\n--wpforms-button-size-margin-top: 10px;\n\t\t\t}\n\t\t\t<\/style><div class=\"wpforms-container wpforms-container-full wpforms-block wpforms-block-e37d489b-344b-4f5d-b5f2-63fd66b5e33f wpforms-render-modern\" id=\"wpforms-481\"><form id=\"wpforms-form-481\" class=\"wpforms-validate wpforms-form wpforms-ajax-form\" data-formid=\"481\" method=\"post\" enctype=\"multipart\/form-data\" action=\"\/lt\/wp-json\/wp\/v2\/pages\/95\" data-token=\"ad2af1e49e4102359d8e05c3da990431\" data-token-time=\"1776346677\"><noscript class=\"wpforms-error-noscript\">Please enable JavaScript in your browser to complete this form.<\/noscript><div id=\"wpforms-error-noscript\" style=\"display: none;\">Please enable JavaScript in your browser to complete this form.<\/div><div class=\"wpforms-field-container\">\t\t<div id=\"wpforms-481-field_4-container\"\n\t\t\tclass=\"wpforms-field wpforms-field-text\"\n\t\t\tdata-field-type=\"text\"\n\t\t\tdata-field-id=\"4\"\n\t\t\t>\n\t\t\t<label class=\"wpforms-field-label\" for=\"wpforms-481-field_4\" >Email or Name<\/label>\n\t\t\t<input type=\"text\" id=\"wpforms-481-field_4\" class=\"wpforms-field-medium\" name=\"wpforms[fields][4]\" >\n\t\t<\/div>\n\t\t<div id=\"wpforms-481-field_1-container\" class=\"wpforms-field wpforms-field-name\" data-field-id=\"1\"><fieldset><legend class=\"wpforms-field-label\">Name <span class=\"wpforms-required-label\" aria-hidden=\"true\">*<\/span><\/legend><div class=\"wpforms-field-row wpforms-field-medium\"><div class=\"wpforms-field-row-block wpforms-first wpforms-one-half\"><input type=\"text\" id=\"wpforms-481-field_1\" class=\"wpforms-field-name-first wpforms-field-required\" name=\"wpforms[fields][1][first]\" aria-errormessage=\"wpforms-481-field_1-error\" required><label for=\"wpforms-481-field_1\" class=\"wpforms-field-sublabel after\">First<\/label><\/div><div class=\"wpforms-field-row-block wpforms-one-half\"><input type=\"text\" id=\"wpforms-481-field_1-last\" class=\"wpforms-field-name-last wpforms-field-required\" name=\"wpforms[fields][1][last]\" aria-errormessage=\"wpforms-481-field_1-last-error\" required><label for=\"wpforms-481-field_1-last\" class=\"wpforms-field-sublabel after\">Last<\/label><\/div><\/div><\/fieldset><\/div><div id=\"wpforms-481-field_2-container\" class=\"wpforms-field wpforms-field-email\" data-field-id=\"2\"><label class=\"wpforms-field-label\" for=\"wpforms-481-field_2\">Email <span class=\"wpforms-required-label\" aria-hidden=\"true\">*<\/span><\/label><input type=\"email\" id=\"wpforms-481-field_2\" class=\"wpforms-field-medium wpforms-field-required\" name=\"wpforms[fields][2]\" spellcheck=\"false\" aria-errormessage=\"wpforms-481-field_2-error\" required><\/div><div id=\"wpforms-481-field_3-container\" class=\"wpforms-field wpforms-field-textarea\" data-field-id=\"3\"><label class=\"wpforms-field-label\" for=\"wpforms-481-field_3\">Comment or Message<\/label><textarea id=\"wpforms-481-field_3\" class=\"wpforms-field-medium\" name=\"wpforms[fields][3]\" aria-errormessage=\"wpforms-481-field_3-error\" ><\/textarea><\/div><script>\n\t\t\t\t( function() {\n\t\t\t\t\tconst style = document.createElement( 'style' );\n\t\t\t\t\tstyle.appendChild( document.createTextNode( '#wpforms-481-field_4-container { position: absolute !important; overflow: hidden !important; display: inline !important; height: 1px !important; width: 1px !important; z-index: -1000 !important; padding: 0 !important; } #wpforms-481-field_4-container input { visibility: hidden; } #wpforms-conversational-form-page #wpforms-481-field_4-container label { counter-increment: none; }' ) );\n\t\t\t\t\tdocument.head.appendChild( style );\n\t\t\t\t\tdocument.currentScript?.remove();\n\t\t\t\t} )();\n\t\t\t<\/script><\/div><!-- .wpforms-field-container --><div class=\"wpforms-submit-container\" ><input type=\"hidden\" name=\"wpforms[id]\" value=\"481\"><input type=\"hidden\" name=\"page_title\" value=\"\"><input type=\"hidden\" name=\"page_url\" value=\"https:\/\/physicalmindgames.com\/lt\/wp-json\/wp\/v2\/pages\/95\"><input type=\"hidden\" name=\"url_referer\" value=\"\"><button type=\"submit\" name=\"wpforms[submit]\" id=\"wpforms-submit-481\" class=\"wpforms-submit\" data-alt-text=\"Sending...\" data-submit-text=\"Submit\" aria-live=\"assertive\" value=\"wpforms-submit\">Submit<\/button><img loading=\"lazy\" decoding=\"async\" src=\"https:\/\/physicalmindgames.com\/wp-content\/plugins\/wpforms-lite\/assets\/images\/submit-spin.svg\" class=\"wpforms-submit-spinner\" style=\"display: none;\" width=\"26\" height=\"26\" alt=\"Loading\"><\/div><\/form><\/div>  <!-- .wpforms-container --><\/section>\n\n\n\n<section class=\"wp-block-cover alignfull is-light has-custom-content-position is-position-top-center\" style=\"margin-top:0px;margin-bottom:var(--wp--preset--spacing--40);padding-top:0rem;padding-bottom:0px;min-height:230px;aspect-ratio:unset;\"><img decoding=\"async\" class=\"wp-block-cover__image-background wp-image-250 size-full\" alt=\"\" src=\"https:\/\/physicalmindgames.com\/wp-content\/uploads\/2025\/09\/games-top-II-scaled.jpg\" style=\"object-position:69% 48%\" data-object-fit=\"cover\" data-object-position=\"69% 48%\"\/><span aria-hidden=\"true\" class=\"wp-block-cover__background has-background-dim-0 has-background-dim\" style=\"background-color:#9e9352\"><\/span><div class=\"wp-block-cover__inner-container has-global-padding is-layout-constrained wp-container-core-cover-is-layout-8905f11a wp-block-cover-is-layout-constrained\">\n<p class=\"has-text-align-center has-large-font-size wp-block-paragraph\"><\/p>\n<\/div><\/section>\n","protected":false},"excerpt":{"rendered":"<p>U\u017epildykite \u017eemiau esan\u010di\u0105 form\u0105 ir mes greitu metu su Jumis susisieksime<\/p>","protected":false},"author":1,"featured_media":0,"parent":0,"menu_order":0,"comment_status":"closed","ping_status":"closed","template":"","meta":{"_crdt_document":"","footnotes":""},"class_list":["post-95","page","type-page","status-publish","hentry"],"yoast_head":"<!-- This site is optimized with the Yoast SEO plugin v27.2 - https:\/\/yoast.com\/product\/yoast-seo-wordpress\/ -->\n<title>Contact Us - Physical Mind Games<\/title>\n<meta name=\"robots\" content=\"index, follow, max-snippet:-1, max-image-preview:large, max-video-preview:-1\" \/>\n<link rel=\"canonical\" href=\"https:\/\/physicalmindgames.com\/lt\/contact-us\/\" \/>\n<meta property=\"og:locale\" content=\"lt_LT\" \/>\n<meta property=\"og:type\" content=\"article\" \/>\n<meta property=\"og:title\" content=\"Contact Us - Physical Mind Games\" \/>\n<meta property=\"og:description\" content=\"Fill out the form below and we will get back to you shortly.\" \/>\n<meta property=\"og:url\" content=\"https:\/\/physicalmindgames.com\/lt\/contact-us\/\" \/>\n<meta property=\"og:site_name\" content=\"Physical Mind Games\" \/>\n<meta property=\"article:modified_time\" content=\"2025-09-24T17:07:11+00:00\" \/>\n<meta property=\"og:image\" content=\"https:\/\/physicalmindgames.com\/wp-content\/uploads\/2025\/09\/contact-us-top-scaled.jpg\" \/>\n\t<meta property=\"og:image:width\" content=\"2560\" \/>\n\t<meta property=\"og:image:height\" content=\"1767\" \/>\n\t<meta property=\"og:image:type\" content=\"image\/jpeg\" \/>\n<meta name=\"twitter:card\" content=\"summary_large_image\" \/>\n<meta name=\"twitter:label1\" content=\"Est. reading time\" \/>\n\t<meta name=\"twitter:data1\" content=\"1 minut\u0117\" \/>\n<script type=\"application\/ld+json\" class=\"yoast-schema-graph\">{\"@context\":\"https:\/\/schema.org\",\"@graph\":[{\"@type\":\"WebPage\",\"@id\":\"https:\/\/physicalmindgames.com\/contact-us\/\",\"url\":\"https:\/\/physicalmindgames.com\/contact-us\/\",\"name\":\"Contact Us - Physical Mind Games\",\"isPartOf\":{\"@id\":\"https:\/\/physicalmindgames.com\/#website\"},\"primaryImageOfPage\":{\"@id\":\"https:\/\/physicalmindgames.com\/contact-us\/#primaryimage\"},\"image\":{\"@id\":\"https:\/\/physicalmindgames.com\/contact-us\/#primaryimage\"},\"thumbnailUrl\":\"https:\/\/physicalmindgames.com\/wp-content\/uploads\/2025\/09\/contact-us-top-1024x707.jpg\",\"datePublished\":\"2025-09-16T08:50:43+00:00\",\"dateModified\":\"2025-09-24T17:07:11+00:00\",\"breadcrumb\":{\"@id\":\"https:\/\/physicalmindgames.com\/contact-us\/#breadcrumb\"},\"inLanguage\":\"lt-LT\",\"potentialAction\":[{\"@type\":\"ReadAction\",\"target\":[\"https:\/\/physicalmindgames.com\/contact-us\/\"]}]},{\"@type\":\"ImageObject\",\"inLanguage\":\"lt-LT\",\"@id\":\"https:\/\/physicalmindgames.com\/contact-us\/#primaryimage\",\"url\":\"https:\/\/physicalmindgames.com\/wp-content\/uploads\/2025\/09\/contact-us-top-1024x707.jpg\",\"contentUrl\":\"https:\/\/physicalmindgames.com\/wp-content\/uploads\/2025\/09\/contact-us-top-1024x707.jpg\"},{\"@type\":\"BreadcrumbList\",\"@id\":\"https:\/\/physicalmindgames.com\/contact-us\/#breadcrumb\",\"itemListElement\":[{\"@type\":\"ListItem\",\"position\":1,\"name\":\"Home\",\"item\":\"https:\/\/physicalmindgames.com\/\"},{\"@type\":\"ListItem\",\"position\":2,\"name\":\"Contact Us\"}]},{\"@type\":\"WebSite\",\"@id\":\"https:\/\/physicalmindgames.com\/#website\",\"url\":\"https:\/\/physicalmindgames.com\/\",\"name\":\"Physical Mind Games\",\"description\":\"\",\"publisher\":{\"@id\":\"https:\/\/physicalmindgames.com\/#organization\"},\"potentialAction\":[{\"@type\":\"SearchAction\",\"target\":{\"@type\":\"EntryPoint\",\"urlTemplate\":\"https:\/\/physicalmindgames.com\/?s={search_term_string}\"},\"query-input\":{\"@type\":\"PropertyValueSpecification\",\"valueRequired\":true,\"valueName\":\"search_term_string\"}}],\"inLanguage\":\"lt-LT\"},{\"@type\":\"Organization\",\"@id\":\"https:\/\/physicalmindgames.com\/#organization\",\"name\":\"Physical Mind Games\",\"url\":\"https:\/\/physicalmindgames.com\/\",\"logo\":{\"@type\":\"ImageObject\",\"inLanguage\":\"lt-LT\",\"@id\":\"https:\/\/physicalmindgames.com\/#\/schema\/logo\/image\/\",\"url\":\"https:\/\/physicalmindgames.com\/wp-content\/uploads\/2025\/09\/cropped-logo-just.png\",\"contentUrl\":\"https:\/\/physicalmindgames.com\/wp-content\/uploads\/2025\/09\/cropped-logo-just.png\",\"width\":512,\"height\":512,\"caption\":\"Physical Mind Games\"},\"image\":{\"@id\":\"https:\/\/physicalmindgames.com\/#\/schema\/logo\/image\/\"}}]}<\/script>\n<!-- \/ Yoast SEO plugin. -->","yoast_head_json":{"title":"Contact Us - Physical Mind Games","robots":{"index":"index","follow":"follow","max-snippet":"max-snippet:-1","max-image-preview":"max-image-preview:large","max-video-preview":"max-video-preview:-1"},"canonical":"https:\/\/physicalmindgames.com\/lt\/contact-us\/","og_locale":"lt_LT","og_type":"article","og_title":"Contact Us - Physical Mind Games","og_description":"Fill out the form below and we will get back to you shortly.","og_url":"https:\/\/physicalmindgames.com\/lt\/contact-us\/","og_site_name":"Physical Mind Games","article_modified_time":"2025-09-24T17:07:11+00:00","og_image":[{"width":2560,"height":1767,"url":"https:\/\/physicalmindgames.com\/wp-content\/uploads\/2025\/09\/contact-us-top-scaled.jpg","type":"image\/jpeg"}],"twitter_card":"summary_large_image","twitter_misc":{"Est. reading time":"1 minut\u0117"},"schema":{"@context":"https:\/\/schema.org","@graph":[{"@type":"WebPage","@id":"https:\/\/physicalmindgames.com\/contact-us\/","url":"https:\/\/physicalmindgames.com\/contact-us\/","name":"Contact Us - Physical Mind Games","isPartOf":{"@id":"https:\/\/physicalmindgames.com\/#website"},"primaryImageOfPage":{"@id":"https:\/\/physicalmindgames.com\/contact-us\/#primaryimage"},"image":{"@id":"https:\/\/physicalmindgames.com\/contact-us\/#primaryimage"},"thumbnailUrl":"https:\/\/physicalmindgames.com\/wp-content\/uploads\/2025\/09\/contact-us-top-1024x707.jpg","datePublished":"2025-09-16T08:50:43+00:00","dateModified":"2025-09-24T17:07:11+00:00","breadcrumb":{"@id":"https:\/\/physicalmindgames.com\/contact-us\/#breadcrumb"},"inLanguage":"lt-LT","potentialAction":[{"@type":"ReadAction","target":["https:\/\/physicalmindgames.com\/contact-us\/"]}]},{"@type":"ImageObject","inLanguage":"lt-LT","@id":"https:\/\/physicalmindgames.com\/contact-us\/#primaryimage","url":"https:\/\/physicalmindgames.com\/wp-content\/uploads\/2025\/09\/contact-us-top-1024x707.jpg","contentUrl":"https:\/\/physicalmindgames.com\/wp-content\/uploads\/2025\/09\/contact-us-top-1024x707.jpg"},{"@type":"BreadcrumbList","@id":"https:\/\/physicalmindgames.com\/contact-us\/#breadcrumb","itemListElement":[{"@type":"ListItem","position":1,"name":"Home","item":"https:\/\/physicalmindgames.com\/"},{"@type":"ListItem","position":2,"name":"Contact Us"}]},{"@type":"WebSite","@id":"https:\/\/physicalmindgames.com\/#website","url":"https:\/\/physicalmindgames.com\/","name":"Physical Mind Games","description":"","publisher":{"@id":"https:\/\/physicalmindgames.com\/#organization"},"potentialAction":[{"@type":"SearchAction","target":{"@type":"EntryPoint","urlTemplate":"https:\/\/physicalmindgames.com\/?s={search_term_string}"},"query-input":{"@type":"PropertyValueSpecification","valueRequired":true,"valueName":"search_term_string"}}],"inLanguage":"lt-LT"},{"@type":"Organization","@id":"https:\/\/physicalmindgames.com\/#organization","name":"Physical Mind Games","url":"https:\/\/physicalmindgames.com\/","logo":{"@type":"ImageObject","inLanguage":"lt-LT","@id":"https:\/\/physicalmindgames.com\/#\/schema\/logo\/image\/","url":"https:\/\/physicalmindgames.com\/wp-content\/uploads\/2025\/09\/cropped-logo-just.png","contentUrl":"https:\/\/physicalmindgames.com\/wp-content\/uploads\/2025\/09\/cropped-logo-just.png","width":512,"height":512,"caption":"Physical Mind Games"},"image":{"@id":"https:\/\/physicalmindgames.com\/#\/schema\/logo\/image\/"}}]}},"_hostinger_reach_plugin_has_subscription_block":false,"_hostinger_reach_plugin_is_elementor":false,"_links":{"self":[{"href":"https:\/\/physicalmindgames.com\/lt\/wp-json\/wp\/v2\/pages\/95","targetHints":{"allow":["GET"]}}],"collection":[{"href":"https:\/\/physicalmindgames.com\/lt\/wp-json\/wp\/v2\/pages"}],"about":[{"href":"https:\/\/physicalmindgames.com\/lt\/wp-json\/wp\/v2\/types\/page"}],"author":[{"embeddable":true,"href":"https:\/\/physicalmindgames.com\/lt\/wp-json\/wp\/v2\/users\/1"}],"replies":[{"embeddable":true,"href":"https:\/\/physicalmindgames.com\/lt\/wp-json\/wp\/v2\/comments?post=95"}],"version-history":[{"count":18,"href":"https:\/\/physicalmindgames.com\/lt\/wp-json\/wp\/v2\/pages\/95\/revisions"}],"predecessor-version":[{"id":829,"href":"https:\/\/physicalmindgames.com\/lt\/wp-json\/wp\/v2\/pages\/95\/revisions\/829"}],"wp:attachment":[{"href":"https:\/\/physicalmindgames.com\/lt\/wp-json\/wp\/v2\/media?parent=95"}],"curies":[{"name":"wp","href":"https:\/\/api.w.org\/{rel}","templated":true}]}}