{"id":501,"date":"2025-09-15T12:00:03","date_gmt":"2025-09-15T12:00:03","guid":{"rendered":"https:\/\/physicalmindgames.com\/?post_type=product&#038;p=501"},"modified":"2026-03-08T10:15:04","modified_gmt":"2026-03-08T10:15:04","slug":"brushstroke-mayhem-deluxe-wooden-edition","status":"publish","type":"product","link":"https:\/\/physicalmindgames.com\/lt\/https:\/physicalmindgames.com\/board-games\/brushstroke-mayhem-deluxe-wooden-edition\/","title":{"rendered":"Brushstroke Mayhem prabangus rank\u0173 darbo leidimas"},"content":{"rendered":"<p data-start=\"84\" data-end=\"210\"><strong data-start=\"84\" data-end=\"130\">Brushstroke Mayhem<\/strong> M\u0117gstantiems rank\u0173 darb\u0105, rafinuot\u0105 i\u0161vaizd\u0105 ir malon\u0173 \u017eaidimo poj\u016bt\u012f.<\/p>\n<p data-start=\"212\" data-end=\"346\">Rinkinyje - <strong data-start=\"223\" data-end=\"250\">medin\u0117 d\u0117\u017eut\u0117, \u017eetonai, 3d spaudos laikiklis ir \u201eSpalvingos palet\u0117s\u201c papildymas <\/strong>\u012fvairesniam \u017eaidimui.<\/p>\n<p data-start=\"348\" data-end=\"533\">Tvarymas: <strong data-start=\"383\" data-end=\"409\">be vienkartini\u0173 plastik\u0173<\/strong> (joki\u0173 pl\u0117veli\u0173 ar kit\u0173 plastikini\u0173 komponent\u0173). Net <strong data-start=\"457\" data-end=\"473\">\u017eeton\u0173 laikiklis<\/strong> pagamintas i\u0161 <strong data-start=\"487\" data-end=\"503\">perdirbto PLA<\/strong> (augalin\u0117s kilm\u0117s, biologi\u0161kai skaidomas).<\/p>\n<p data-start=\"535\" data-end=\"557\"><strong data-start=\"535\" data-end=\"557\">Kod\u0117l tur\u0117tum\u0117te \u012fsigyti \u0161i\u0105 prek\u0119:<\/strong><\/p>\n<ul data-start=\"558\" data-end=\"858\">\n<li data-start=\"558\" data-end=\"618\">\n<p data-start=\"560\" data-end=\"618\">Gra\u017ei, maloni liesti <strong data-start=\"574\" data-end=\"589\">medin\u0117 d\u0117\u017eut\u0117,<\/strong> puikiai papuo\u0161 j\u016bs\u0173 interjer\u0105<\/p>\n<\/li>\n<li data-start=\"619\" data-end=\"671\">\n<p data-start=\"621\" data-end=\"671\">Patvarios med\u017eiagos, saugos \u017eaidim\u0105 ilgus metus<\/p>\n<\/li>\n<li data-start=\"672\" data-end=\"726\">\n<p data-start=\"674\" data-end=\"726\"><strong>Spalvingos palet\u0117s papildymas<\/strong>\u00a0suteiks \u0161vie\u017eumo net ir po daugyb\u0117s \u017eaidimo sesij\u0173<\/p>\n<\/li>\n<li data-start=\"727\" data-end=\"777\">\n<p data-start=\"729\" data-end=\"777\"><strong data-start=\"729\" data-end=\"753\">Spalv\u0173 neskiriantiems<\/strong> pritaikytos piktogramos<\/p>\n<\/li>\n<li data-start=\"778\" data-end=\"820\">\n<p data-start=\"780\" data-end=\"820\"><strong data-start=\"780\" data-end=\"818\">2\u20135 \u017eaid\u0117jai \u00b7 15\u201330 min \u00b7 Am\u017eius 10+<\/strong><\/p>\n<\/li>\n<li data-start=\"821\" data-end=\"858\">\n<p data-start=\"823\" data-end=\"858\">Naudojamos ekologi\u0161kos med\u017eiagos<\/p>\n<\/li>\n<\/ul>\n<p data-start=\"860\" data-end=\"881\"><strong data-start=\"860\" data-end=\"881\">Turinys<\/strong><\/p>\n<ul data-start=\"882\" data-end=\"1068\">\n<li data-start=\"882\" data-end=\"920\">\n<p data-start=\"884\" data-end=\"920\"><strong data-start=\"884\" data-end=\"918\">Prabangi medin\u0117 d\u0117\u017eut\u0117<\/strong><\/p>\n<\/li>\n<li data-start=\"921\" data-end=\"947\">\n<p data-start=\"923\" data-end=\"947\"><strong data-start=\"923\" data-end=\"945\">110 spalving\u0173 kort\u0173<\/strong><\/p>\n<\/li>\n<li data-start=\"948\" data-end=\"965\">\n<p data-start=\"950\" data-end=\"965\"><strong data-start=\"950\" data-end=\"963\">15 \u017eeton\u0173<\/strong><\/p>\n<\/li>\n<li data-start=\"966\" data-end=\"1009\">\n<p data-start=\"968\" data-end=\"1009\"><strong data-start=\"968\" data-end=\"987\">Papildymas<\/strong> \u012fvairesniam \u017eaidimui<\/p>\n<\/li>\n<li data-start=\"1010\" data-end=\"1053\">\n<p data-start=\"1012\" data-end=\"1053\"><strong data-start=\"1012\" data-end=\"1028\">\u017deton\u0173 laikiklis<\/strong> i\u0161 perdirbto PLA<\/p>\n<\/li>\n<li data-start=\"1054\" data-end=\"1068\">\n<p data-start=\"1056\" data-end=\"1068\"><strong data-start=\"1056\" data-end=\"1068\">Taisykl\u0117s (LT\/EN)<\/strong><\/p>\n<\/li>\n<\/ul>\n<p data-start=\"1070\" data-end=\"1212\"><strong data-start=\"1070\" data-end=\"1082\">Kam patiks \u0161is \u017eaidimas<\/strong><\/p>\n<p data-start=\"1070\" data-end=\"1212\">Dovanoai, kolekcionieriams, aplinkai neabejingiems \u017emon\u0117ms bei \u017eaid\u0117jams, norintiems gra\u017eiausio Brushstroke Mayhem leidimo. <em data-start=\"1176\" data-end=\"1196\">Brushstroke Mayhem<\/em> on their table.<\/p>\n<p data-start=\"1214\" data-end=\"1308\"><strong data-start=\"1214\" data-end=\"1232\">Pasireng\u0119 \u017eaisti?<\/strong> \u012esigykite prabang\u0173 <strong data-start=\"1241\" data-end=\"1287\">Brushstroke Mayhem<\/strong> leidim\u0105 jau \u0161iandien.<\/p>\n<h1 data-start=\"127\" data-end=\"145\">Kuo ypatingas \u0161is \u017eaidimas<\/h1>\n<p data-start=\"146\" data-end=\"846\">Did\u017eiuojam\u0117s, kad kort\u0173 \u017eaidimas <strong data-start=\"177\" data-end=\"209\">Brushstroke Mayhem,<\/strong> tapo pirmuoju lietuvi\u0161ku stalo \u017eaidimu, s\u0117kmingai finansuotu <strong data-start=\"221\" data-end=\"277\">Gamefound<\/strong>, pagalba. 2025m. debiutavo tarptautin\u0117je rinkoje, vienoje did\u017eiausi\u0173 pasaulio mugi\u0173 <strong data-start=\"320\" data-end=\"335\">SPIEL Essen<\/strong>. \u017daidimas jau i\u0161verstas \u012f <strong data-start=\"350\" data-end=\"384\">penkias kalbas - lietuvi\u0173, latvi\u0173, est\u0173, vokie\u010di\u0173, angl\u0173.<\/strong>\u017daidimo vystymo proces\u0105 ved\u0117 svarbiausia Lietuvos stalo \u017eaidimo k\u016br\u0117j\u0173 grup\u0117 <strong data-start=\"538\" data-end=\"551\">Prototipas.<\/strong> klubas, kuriame \u017eaidim\u0105 i\u0161gryninome. Ry\u0161kinome jo stipri\u0105sias puses bei estetin\u012f i\u0161skirtinum\u0105. Jei norite paremti \u0161io unikalaus k\u016brinio k\u016br\u0117jus, <strong data-start=\"718\" data-end=\"750\">Brushstroke Mayhem,<\/strong> puikus k\u016brinys tam padaryti: j\u012f lengva i\u0161mokyti, malonu \u017eaisti, norisi pakartoti.<\/p>\n<p data-start=\"848\" data-end=\"864\"><strong data-start=\"848\" data-end=\"862\">Su\u017einokite daugiau<\/strong><\/p>\n<ul data-start=\"865\" data-end=\"1067\">\n<li data-start=\"865\" data-end=\"914\">\n<p data-start=\"867\" data-end=\"914\">Perskaitykite <a href=\"https:\/\/drive.google.com\/file\/d\/1wJMxbmAo23JB_4g5x5KVeAHMOevFMdA0\/view\"><strong data-start=\"876\" data-end=\"885\">taisykles<\/strong><\/a><\/p>\n<\/li>\n<li data-start=\"915\" data-end=\"985\">\n<p data-start=\"917\" data-end=\"985\">Aplankykite kampanij\u0105 <a href=\"https:\/\/gamefound.com\/en\/projects\/physical-mind\/the-brushstroke-mayhem\"><strong data-start=\"927\" data-end=\"949\">\u201eGamefound\u201c<\/strong><\/a><\/p>\n<\/li>\n<li data-start=\"986\" data-end=\"1067\">\n<p data-start=\"988\" data-end=\"1067\">Skaitykite m\u016bs\u0173 straipsnius <a href=\"https:\/\/physicalmindgames.com\/lt\/field-notes\/\"><strong data-start=\"996\" data-end=\"1035\">\u201ePhysical Mind Games\u201c<\/strong><\/a> (U\u017era\u0161uose).<\/p>\n<\/li>\n<\/ul>\n<p data-start=\"44\" data-end=\"235\">","protected":false},"excerpt":{"rendered":"<p><strong data-start=\"279\" data-end=\"317\">2\u20135 players \u00b7 15\u201330 min \u00b7 <\/strong><strong data-start=\"279\" data-end=\"317\">10+<\/strong><strong data-start=\"279\" data-end=\"317\">Ages\u00a0<\/strong><\/p>\n<p>&nbsp;<\/p>","protected":false},"featured_media":1227,"comment_status":"open","ping_status":"closed","template":"","meta":{"_crdt_document":""},"product_brand":[],"product_cat":[52],"product_tag":[],"class_list":{"0":"post-501","1":"product","2":"type-product","3":"status-publish","4":"has-post-thumbnail","6":"product_cat-brushstroke-mayhem-deluxe-wooden-edition","8":"first","9":"instock","10":"sale","11":"shipping-taxable","12":"purchasable","13":"product-type-simple"},"yoast_head":"<!-- This site is optimized with the Yoast SEO plugin v27.2 - https:\/\/yoast.com\/product\/yoast-seo-wordpress\/ -->\n<title>Brushstroke Mayhem \u2013 Deluxe Wooden Edition<\/title>\n<meta name=\"description\" content=\"Brushstroke Mayhem Deluxe Wooden Edition: tactile wooden case, expansion, plastic-free design with a recycled-PLA token holder. 2\u20135 players, 15\u201330 min\" \/>\n<meta name=\"robots\" content=\"index, follow, max-snippet:-1, max-image-preview:large, max-video-preview:-1\" \/>\n<link rel=\"canonical\" href=\"https:\/\/physicalmindgames.com\/lt\/https:\/physicalmindgames.com\/board-games\/brushstroke-mayhem-deluxe-wooden-edition\/\" \/>\n<meta property=\"og:locale\" content=\"lt_LT\" \/>\n<meta property=\"og:type\" content=\"article\" \/>\n<meta property=\"og:title\" content=\"Brushstroke Mayhem Deluxe Wooden Edition\" \/>\n<meta property=\"og:description\" content=\"%\" \/>\n<meta property=\"og:url\" content=\"https:\/\/physicalmindgames.com\/lt\/https:\/physicalmindgames.com\/board-games\/brushstroke-mayhem-deluxe-wooden-edition\/\" \/>\n<meta property=\"og:site_name\" content=\"Physical Mind Games\" \/>\n<meta property=\"article:modified_time\" content=\"2026-03-08T10:15:04+00:00\" \/>\n<meta property=\"og:image\" content=\"https:\/\/physicalmindgames.com\/wp-content\/uploads\/2025\/11\/m_Pusny_1.1-1.jpg\" \/>\n\t<meta property=\"og:image:width\" content=\"2160\" \/>\n\t<meta property=\"og:image:height\" content=\"2160\" \/>\n\t<meta property=\"og:image:type\" content=\"image\/jpeg\" \/>\n<meta name=\"twitter:card\" content=\"summary_large_image\" \/>\n<meta name=\"twitter:label1\" content=\"Est. reading time\" \/>\n\t<meta name=\"twitter:data1\" content=\"2 minut\u0117s\" \/>\n<script type=\"application\/ld+json\" class=\"yoast-schema-graph\">{\"@context\":\"https:\/\/schema.org\",\"@graph\":[{\"@type\":\"WebPage\",\"@id\":\"https:\/\/physicalmindgames.com\/https:\/physicalmindgames.com\/board-games\/brushstroke-mayhem-deluxe-wooden-edition\/\",\"url\":\"https:\/\/physicalmindgames.com\/https:\/physicalmindgames.com\/board-games\/brushstroke-mayhem-deluxe-wooden-edition\/\",\"name\":\"Brushstroke Mayhem \u2013 Deluxe Wooden Edition\",\"isPartOf\":{\"@id\":\"https:\/\/physicalmindgames.com\/#website\"},\"primaryImageOfPage\":{\"@id\":\"https:\/\/physicalmindgames.com\/https:\/physicalmindgames.com\/board-games\/brushstroke-mayhem-deluxe-wooden-edition\/#primaryimage\"},\"image\":{\"@id\":\"https:\/\/physicalmindgames.com\/https:\/physicalmindgames.com\/board-games\/brushstroke-mayhem-deluxe-wooden-edition\/#primaryimage\"},\"thumbnailUrl\":\"https:\/\/physicalmindgames.com\/wp-content\/uploads\/2025\/11\/m_Pusny_1.1-1.jpg\",\"datePublished\":\"2025-09-15T12:00:03+00:00\",\"dateModified\":\"2026-03-08T10:15:04+00:00\",\"description\":\"Brushstroke Mayhem Deluxe Wooden Edition: tactile wooden case, expansion, plastic-free design with a recycled-PLA token holder. 2\u20135 players, 15\u201330 min\",\"breadcrumb\":{\"@id\":\"https:\/\/physicalmindgames.com\/https:\/physicalmindgames.com\/board-games\/brushstroke-mayhem-deluxe-wooden-edition\/#breadcrumb\"},\"inLanguage\":\"lt-LT\",\"potentialAction\":[{\"@type\":\"ReadAction\",\"target\":[\"https:\/\/physicalmindgames.com\/https:\/physicalmindgames.com\/board-games\/brushstroke-mayhem-deluxe-wooden-edition\/\"]}]},{\"@type\":\"ImageObject\",\"inLanguage\":\"lt-LT\",\"@id\":\"https:\/\/physicalmindgames.com\/https:\/physicalmindgames.com\/board-games\/brushstroke-mayhem-deluxe-wooden-edition\/#primaryimage\",\"url\":\"https:\/\/physicalmindgames.com\/wp-content\/uploads\/2025\/11\/m_Pusny_1.1-1.jpg\",\"contentUrl\":\"https:\/\/physicalmindgames.com\/wp-content\/uploads\/2025\/11\/m_Pusny_1.1-1.jpg\",\"width\":2160,\"height\":2160,\"caption\":\"Brushstroke Mayhem Deluxe\"},{\"@type\":\"BreadcrumbList\",\"@id\":\"https:\/\/physicalmindgames.com\/https:\/physicalmindgames.com\/board-games\/brushstroke-mayhem-deluxe-wooden-edition\/#breadcrumb\",\"itemListElement\":[{\"@type\":\"ListItem\",\"position\":1,\"name\":\"Home\",\"item\":\"https:\/\/physicalmindgames.com\/\"},{\"@type\":\"ListItem\",\"position\":2,\"name\":\"Shop\",\"item\":\"https:\/\/physicalmindgames.com\/shop\/\"},{\"@type\":\"ListItem\",\"position\":3,\"name\":\"Brushstroke Mayhem Deluxe Wooden Edition\"}]},{\"@type\":\"WebSite\",\"@id\":\"https:\/\/physicalmindgames.com\/#website\",\"url\":\"https:\/\/physicalmindgames.com\/\",\"name\":\"Physical Mind Games\",\"description\":\"\",\"publisher\":{\"@id\":\"https:\/\/physicalmindgames.com\/#organization\"},\"potentialAction\":[{\"@type\":\"SearchAction\",\"target\":{\"@type\":\"EntryPoint\",\"urlTemplate\":\"https:\/\/physicalmindgames.com\/?s={search_term_string}\"},\"query-input\":{\"@type\":\"PropertyValueSpecification\",\"valueRequired\":true,\"valueName\":\"search_term_string\"}}],\"inLanguage\":\"lt-LT\"},{\"@type\":\"Organization\",\"@id\":\"https:\/\/physicalmindgames.com\/#organization\",\"name\":\"Physical Mind Games\",\"url\":\"https:\/\/physicalmindgames.com\/\",\"logo\":{\"@type\":\"ImageObject\",\"inLanguage\":\"lt-LT\",\"@id\":\"https:\/\/physicalmindgames.com\/#\/schema\/logo\/image\/\",\"url\":\"https:\/\/physicalmindgames.com\/wp-content\/uploads\/2025\/09\/cropped-logo-just.png\",\"contentUrl\":\"https:\/\/physicalmindgames.com\/wp-content\/uploads\/2025\/09\/cropped-logo-just.png\",\"width\":512,\"height\":512,\"caption\":\"Physical Mind Games\"},\"image\":{\"@id\":\"https:\/\/physicalmindgames.com\/#\/schema\/logo\/image\/\"}}]}<\/script>\n<!-- \/ Yoast SEO plugin. -->","yoast_head_json":{"title":"Brushstroke Mayhem \u2013 Deluxe Wooden Edition","description":"Brushstroke Mayhem Deluxe Wooden Edition: tactile wooden case, expansion, plastic-free design with a recycled-PLA token holder. 2\u20135 players, 15\u201330 min","robots":{"index":"index","follow":"follow","max-snippet":"max-snippet:-1","max-image-preview":"max-image-preview:large","max-video-preview":"max-video-preview:-1"},"canonical":"https:\/\/physicalmindgames.com\/lt\/https:\/physicalmindgames.com\/board-games\/brushstroke-mayhem-deluxe-wooden-edition\/","og_locale":"lt_LT","og_type":"article","og_title":"Brushstroke Mayhem Deluxe Wooden Edition","og_description":"%","og_url":"https:\/\/physicalmindgames.com\/lt\/https:\/physicalmindgames.com\/board-games\/brushstroke-mayhem-deluxe-wooden-edition\/","og_site_name":"Physical Mind Games","article_modified_time":"2026-03-08T10:15:04+00:00","og_image":[{"width":2160,"height":2160,"url":"https:\/\/physicalmindgames.com\/wp-content\/uploads\/2025\/11\/m_Pusny_1.1-1.jpg","type":"image\/jpeg"}],"twitter_card":"summary_large_image","twitter_misc":{"Est. reading time":"2 minut\u0117s"},"schema":{"@context":"https:\/\/schema.org","@graph":[{"@type":"WebPage","@id":"https:\/\/physicalmindgames.com\/https:\/physicalmindgames.com\/board-games\/brushstroke-mayhem-deluxe-wooden-edition\/","url":"https:\/\/physicalmindgames.com\/https:\/physicalmindgames.com\/board-games\/brushstroke-mayhem-deluxe-wooden-edition\/","name":"Brushstroke Mayhem \u2013 Deluxe Wooden Edition","isPartOf":{"@id":"https:\/\/physicalmindgames.com\/#website"},"primaryImageOfPage":{"@id":"https:\/\/physicalmindgames.com\/https:\/physicalmindgames.com\/board-games\/brushstroke-mayhem-deluxe-wooden-edition\/#primaryimage"},"image":{"@id":"https:\/\/physicalmindgames.com\/https:\/physicalmindgames.com\/board-games\/brushstroke-mayhem-deluxe-wooden-edition\/#primaryimage"},"thumbnailUrl":"https:\/\/physicalmindgames.com\/wp-content\/uploads\/2025\/11\/m_Pusny_1.1-1.jpg","datePublished":"2025-09-15T12:00:03+00:00","dateModified":"2026-03-08T10:15:04+00:00","description":"Brushstroke Mayhem Deluxe Wooden Edition: tactile wooden case, expansion, plastic-free design with a recycled-PLA token holder. 2\u20135 players, 15\u201330 min","breadcrumb":{"@id":"https:\/\/physicalmindgames.com\/https:\/physicalmindgames.com\/board-games\/brushstroke-mayhem-deluxe-wooden-edition\/#breadcrumb"},"inLanguage":"lt-LT","potentialAction":[{"@type":"ReadAction","target":["https:\/\/physicalmindgames.com\/https:\/physicalmindgames.com\/board-games\/brushstroke-mayhem-deluxe-wooden-edition\/"]}]},{"@type":"ImageObject","inLanguage":"lt-LT","@id":"https:\/\/physicalmindgames.com\/https:\/physicalmindgames.com\/board-games\/brushstroke-mayhem-deluxe-wooden-edition\/#primaryimage","url":"https:\/\/physicalmindgames.com\/wp-content\/uploads\/2025\/11\/m_Pusny_1.1-1.jpg","contentUrl":"https:\/\/physicalmindgames.com\/wp-content\/uploads\/2025\/11\/m_Pusny_1.1-1.jpg","width":2160,"height":2160,"caption":"Brushstroke Mayhem Deluxe"},{"@type":"BreadcrumbList","@id":"https:\/\/physicalmindgames.com\/https:\/physicalmindgames.com\/board-games\/brushstroke-mayhem-deluxe-wooden-edition\/#breadcrumb","itemListElement":[{"@type":"ListItem","position":1,"name":"Home","item":"https:\/\/physicalmindgames.com\/"},{"@type":"ListItem","position":2,"name":"Shop","item":"https:\/\/physicalmindgames.com\/shop\/"},{"@type":"ListItem","position":3,"name":"Brushstroke Mayhem Deluxe Wooden Edition"}]},{"@type":"WebSite","@id":"https:\/\/physicalmindgames.com\/#website","url":"https:\/\/physicalmindgames.com\/","name":"Physical Mind Games","description":"","publisher":{"@id":"https:\/\/physicalmindgames.com\/#organization"},"potentialAction":[{"@type":"SearchAction","target":{"@type":"EntryPoint","urlTemplate":"https:\/\/physicalmindgames.com\/?s={search_term_string}"},"query-input":{"@type":"PropertyValueSpecification","valueRequired":true,"valueName":"search_term_string"}}],"inLanguage":"lt-LT"},{"@type":"Organization","@id":"https:\/\/physicalmindgames.com\/#organization","name":"Physical Mind Games","url":"https:\/\/physicalmindgames.com\/","logo":{"@type":"ImageObject","inLanguage":"lt-LT","@id":"https:\/\/physicalmindgames.com\/#\/schema\/logo\/image\/","url":"https:\/\/physicalmindgames.com\/wp-content\/uploads\/2025\/09\/cropped-logo-just.png","contentUrl":"https:\/\/physicalmindgames.com\/wp-content\/uploads\/2025\/09\/cropped-logo-just.png","width":512,"height":512,"caption":"Physical Mind Games"},"image":{"@id":"https:\/\/physicalmindgames.com\/#\/schema\/logo\/image\/"}}]}},"_links":{"self":[{"href":"https:\/\/physicalmindgames.com\/lt\/wp-json\/wp\/v2\/product\/501","targetHints":{"allow":["GET"]}}],"collection":[{"href":"https:\/\/physicalmindgames.com\/lt\/wp-json\/wp\/v2\/product"}],"about":[{"href":"https:\/\/physicalmindgames.com\/lt\/wp-json\/wp\/v2\/types\/product"}],"replies":[{"embeddable":true,"href":"https:\/\/physicalmindgames.com\/lt\/wp-json\/wp\/v2\/comments?post=501"}],"wp:featuredmedia":[{"embeddable":true,"href":"https:\/\/physicalmindgames.com\/lt\/wp-json\/wp\/v2\/media\/1227"}],"wp:attachment":[{"href":"https:\/\/physicalmindgames.com\/lt\/wp-json\/wp\/v2\/media?parent=501"}],"wp:term":[{"taxonomy":"product_brand","embeddable":true,"href":"https:\/\/physicalmindgames.com\/lt\/wp-json\/wp\/v2\/product_brand?post=501"},{"taxonomy":"product_cat","embeddable":true,"href":"https:\/\/physicalmindgames.com\/lt\/wp-json\/wp\/v2\/product_cat?post=501"},{"taxonomy":"product_tag","embeddable":true,"href":"https:\/\/physicalmindgames.com\/lt\/wp-json\/wp\/v2\/product_tag?post=501"}],"curies":[{"name":"wp","href":"https:\/\/api.w.org\/{rel}","templated":true}]}}